{"id":40,"date":"2022-06-09T13:17:58","date_gmt":"2022-06-09T18:17:58","guid":{"rendered":"https:\/\/desarrollos.mouseinteractivo.com\/cmconsultores\/?page_id=40"},"modified":"2026-01-16T12:10:14","modified_gmt":"2026-01-16T17:10:14","slug":"politica-de-cookies","status":"publish","type":"page","link":"https:\/\/cmconsultores.com.co\/en\/politica-de-cookies\/","title":{"rendered":"Cookie Policy"},"content":{"rendered":"<div data-elementor-type=\"wp-page\" data-elementor-id=\"40\" class=\"elementor elementor-40\" data-elementor-post-type=\"page\">\n\t\t\t\t\t\t<section data-particle_enable=\"false\" data-particle-mobile-disabled=\"false\" class=\"elementor-section elementor-top-section elementor-element elementor-element-86fdb48 elementor-section-height-min-height elementor-section-boxed elementor-section-height-default elementor-section-items-middle\" data-id=\"86fdb48\" data-element_type=\"section\" data-settings=\"{&quot;background_background&quot;:&quot;classic&quot;}\">\n\t\t\t\t\t\t\t<div class=\"elementor-background-overlay\"><\/div>\n\t\t\t\t\t\t\t<div class=\"elementor-container elementor-column-gap-default\">\n\t\t\t\t\t<div class=\"elementor-column elementor-col-50 elementor-top-column elementor-element elementor-element-9952c3c\" data-id=\"9952c3c\" data-element_type=\"column\">\n\t\t\t<div class=\"elementor-widget-wrap elementor-element-populated\">\n\t\t\t\t\t\t<div class=\"elementor-element elementor-element-ec7e39e elementor-widget elementor-widget-heading\" data-id=\"ec7e39e\" data-element_type=\"widget\" data-widget_type=\"heading.default\">\n\t\t\t\t<div class=\"elementor-widget-container\">\n\t\t\t<h1 class=\"elementor-heading-title elementor-size-default\">Cookie Policy<\/h1>\t\t<\/div>\n\t\t\t\t<\/div>\n\t\t\t\t<section data-particle_enable=\"false\" data-particle-mobile-disabled=\"false\" class=\"elementor-section elementor-inner-section elementor-element elementor-element-b05c216 elementor-section-boxed elementor-section-height-default elementor-section-height-default\" data-id=\"b05c216\" data-element_type=\"section\">\n\t\t\t\t\t\t<div class=\"elementor-container elementor-column-gap-default\">\n\t\t\t\t\t<div class=\"elementor-column elementor-col-50 elementor-inner-column elementor-element elementor-element-2076498\" data-id=\"2076498\" data-element_type=\"column\">\n\t\t\t<div class=\"elementor-widget-wrap elementor-element-populated\">\n\t\t\t\t\t\t<div class=\"elementor-element elementor-element-c79fb9c animated-slow elementor-invisible elementor-widget elementor-widget-heading\" data-id=\"c79fb9c\" data-element_type=\"widget\" data-settings=\"{&quot;_animation&quot;:&quot;fadeInUp&quot;}\" data-widget_type=\"heading.default\">\n\t\t\t\t<div class=\"elementor-widget-container\">\n\t\t\t<h5 class=\"elementor-heading-title elementor-size-default\">C &amp; M Consultants S.A.S. uses cookies to enhance your experience on our website.<\/h5>\t\t<\/div>\n\t\t\t\t<\/div>\n\t\t\t\t\t<\/div>\n\t\t<\/div>\n\t\t\t\t<div class=\"elementor-column elementor-col-50 elementor-inner-column elementor-element elementor-element-77237b1 elementor-hidden-mobile\" data-id=\"77237b1\" data-element_type=\"column\">\n\t\t\t<div class=\"elementor-widget-wrap\">\n\t\t\t\t\t\t\t<\/div>\n\t\t<\/div>\n\t\t\t\t\t<\/div>\n\t\t<\/section>\n\t\t\t\t\t<\/div>\n\t\t<\/div>\n\t\t\t\t<div class=\"elementor-column elementor-col-50 elementor-top-column elementor-element elementor-element-07b62d2 elementor-hidden-mobile\" data-id=\"07b62d2\" data-element_type=\"column\" data-settings=\"{&quot;background_background&quot;:&quot;classic&quot;}\">\n\t\t\t<div class=\"elementor-widget-wrap\">\n\t\t\t\t\t\t\t<\/div>\n\t\t<\/div>\n\t\t\t\t\t<\/div>\n\t\t<\/section>\n\t\t\t\t<section data-particle_enable=\"false\" data-particle-mobile-disabled=\"false\" class=\"elementor-section elementor-top-section elementor-element elementor-element-7897524 elementor-section-boxed elementor-section-height-default elementor-section-height-default\" data-id=\"7897524\" data-element_type=\"section\">\n\t\t\t\t\t\t<div class=\"elementor-container elementor-column-gap-default\">\n\t\t\t\t\t<div class=\"elementor-column elementor-col-100 elementor-top-column elementor-element elementor-element-6435c75\" data-id=\"6435c75\" data-element_type=\"column\">\n\t\t\t<div class=\"elementor-widget-wrap elementor-element-populated\">\n\t\t\t\t\t\t<div class=\"elementor-element elementor-element-3cd687f elementor-widget elementor-widget-heading\" data-id=\"3cd687f\" data-element_type=\"widget\" data-widget_type=\"heading.default\">\n\t\t\t\t<div class=\"elementor-widget-container\">\n\t\t\t<h6 class=\"elementor-heading-title elementor-size-default\">COOKIE POLICY C &amp; M CONSULTANTS S.A.S.<\/h6>\t\t<\/div>\n\t\t\t\t<\/div>\n\t\t\t\t<div class=\"elementor-element elementor-element-9fa5da6 elementor-widget elementor-widget-text-editor\" data-id=\"9fa5da6\" data-element_type=\"widget\" data-widget_type=\"text-editor.default\">\n\t\t\t\t<div class=\"elementor-widget-container\">\n\t\t\t\t\t\t\t<p class=\"translation-block\">The \"Cookie Policy,\" hereafter referred to as \"the Policy,\" of the company C &amp; M Consultants S.A.S., identified with Tax ID No. 8300614741, hereafter referred to as the \"Company,\" \"Firm,\" or \"C &amp; M,\" establishes an honest, ethical, and transparent context for the way in which the Website will be treated and the information destined for the end user will be processed. This policy will apply to the use of cookies and technology used on the website and domain: <em><strong>www.cmconsultores.com.co<\/strong><\/em>, hereafter referred to as the \"Website.\"<\/p><p>This is in accordance with the guiding principles and values that emanate from the company's philosophy, as well as within the framework of the current Colombian legal system regarding the protection of personal data. Our Policy provides guidelines on how and when cookies will be used on the C &amp; M website.<\/p>\t\t\t\t\t\t<\/div>\n\t\t\t\t<\/div>\n\t\t\t\t<div class=\"elementor-element elementor-element-8de3867 elementor-widget elementor-widget-heading\" data-id=\"8de3867\" data-element_type=\"widget\" data-widget_type=\"heading.default\">\n\t\t\t\t<div class=\"elementor-widget-container\">\n\t\t\t<h6 class=\"elementor-heading-title elementor-size-default\">1. Validity<\/h6>\t\t<\/div>\n\t\t\t\t<\/div>\n\t\t\t\t<div class=\"elementor-element elementor-element-eaaefa9 elementor-widget elementor-widget-text-editor\" data-id=\"eaaefa9\" data-element_type=\"widget\" data-widget_type=\"text-editor.default\">\n\t\t\t\t<div class=\"elementor-widget-container\">\n\t\t\t\t\t\t\tThe effective start date of the Cookie Policy for the C &amp; M Consultants S.A.S. website will be January 31, 2022.\t\t\t\t\t\t<\/div>\n\t\t\t\t<\/div>\n\t\t\t\t<div class=\"elementor-element elementor-element-90fb079 elementor-widget elementor-widget-heading\" data-id=\"90fb079\" data-element_type=\"widget\" data-widget_type=\"heading.default\">\n\t\t\t\t<div class=\"elementor-widget-container\">\n\t\t\t<h6 class=\"elementor-heading-title elementor-size-default\">2. Cookies<\/h6>\t\t<\/div>\n\t\t\t\t<\/div>\n\t\t\t\t<div class=\"elementor-element elementor-element-6c2b6ba elementor-widget elementor-widget-text-editor\" data-id=\"6c2b6ba\" data-element_type=\"widget\" data-widget_type=\"text-editor.default\">\n\t\t\t\t<div class=\"elementor-widget-container\">\n\t\t\t\t\t\t\tThese are small files that are automatically stored on the computer, tablet, mobile phone, or any other device connected to the internet. These digital records provide functionalities such as recognizing the user's browser, preferred language, among others, which will offer a more personalized, dynamic, and intuitive experience for the end user. This creates a conducive and suitable scenario for navigability and use of the services provided by the C &amp; M Consultants S.A.S. website. It's worth noting that each browser allows for configuration regarding the management of cookies, meaning you can either reject all of them or choose to accept each one. However, it should be noted that, by not accepting all cookies, it may occur that both the browsing experience for the end user and the functioning of the website may not operate correctly and effectively.\t\t\t\t\t\t<\/div>\n\t\t\t\t<\/div>\n\t\t\t\t<div class=\"elementor-element elementor-element-db970e9 elementor-widget elementor-widget-heading\" data-id=\"db970e9\" data-element_type=\"widget\" data-widget_type=\"heading.default\">\n\t\t\t\t<div class=\"elementor-widget-container\">\n\t\t\t<h6 class=\"elementor-heading-title elementor-size-default\">3. Types of Cookies<\/h6>\t\t<\/div>\n\t\t\t\t<\/div>\n\t\t\t\t<div class=\"elementor-element elementor-element-bcefe93 elementor-widget elementor-widget-text-editor\" data-id=\"bcefe93\" data-element_type=\"widget\" data-widget_type=\"text-editor.default\">\n\t\t\t\t<div class=\"elementor-widget-container\">\n\t\t\t\t\t\t\t<p>C &amp; M will use two types of cookies: 'Persistent Cookies' and 'Session Cookies'.<\/p><p>Persistent Cookies: As the name suggests, these cookies remain in the user's browser and device for a certain period, however, their expiration date will be specified. This type of cookies is used to monitor the interaction of end users with the C &amp; M Consultants S.A.S. website.<\/p><p>Session Cookies: These cookies end immediately or a few seconds after the user closes the web browser.<\/p>\t\t\t\t\t\t<\/div>\n\t\t\t\t<\/div>\n\t\t\t\t<div class=\"elementor-element elementor-element-89c1f59 elementor-widget elementor-widget-heading\" data-id=\"89c1f59\" data-element_type=\"widget\" data-widget_type=\"heading.default\">\n\t\t\t\t<div class=\"elementor-widget-container\">\n\t\t\t<h6 class=\"elementor-heading-title elementor-size-default\">4. How will cookies be used?<\/h6>\t\t<\/div>\n\t\t\t\t<\/div>\n\t\t\t\t<div class=\"elementor-element elementor-element-f19c436 elementor-widget elementor-widget-text-editor\" data-id=\"f19c436\" data-element_type=\"widget\" data-widget_type=\"text-editor.default\">\n\t\t\t\t<div class=\"elementor-widget-container\">\n\t\t\t\t\t\t\t<p>The C &amp; M website will utilize various cookies and tracking technologies for a range of purposes, including the following:<\/p><p>Enabling, facilitating, and expediting the operation of the website across different web pages, devices, and browsing sessions.<br \/><br \/>Streamlining access and usage of the website to make it smoother for improved user navigation.<\/p><p>Monitoring and analyzing the performance, operation, and effectiveness of the website for its enhancement and optimization.<\/p>\t\t\t\t\t\t<\/div>\n\t\t\t\t<\/div>\n\t\t\t\t<div class=\"elementor-element elementor-element-a093f28 elementor-widget elementor-widget-heading\" data-id=\"a093f28\" data-element_type=\"widget\" data-widget_type=\"heading.default\">\n\t\t\t\t<div class=\"elementor-widget-container\">\n\t\t\t<h6 class=\"elementor-heading-title elementor-size-default\">5. Duration<\/h6>\t\t<\/div>\n\t\t\t\t<\/div>\n\t\t\t\t<div class=\"elementor-element elementor-element-de1d3e0 elementor-widget elementor-widget-text-editor\" data-id=\"de1d3e0\" data-element_type=\"widget\" data-widget_type=\"text-editor.default\">\n\t\t\t\t<div class=\"elementor-widget-container\">\n\t\t\t\t\t\t\t<p>'Session Cookies' will end when the browser is closed, while 'Persistent Cookies' will remain on the device after closing the browser and can be used again the next time the website is accessed.<\/p><p>Cookies placed by the C &amp; M website will expire no later than 2 years after the last visit to the site if they are not manually deleted before that time.<\/p>\t\t\t\t\t\t<\/div>\n\t\t\t\t<\/div>\n\t\t\t\t<div class=\"elementor-element elementor-element-a613365 elementor-widget elementor-widget-heading\" data-id=\"a613365\" data-element_type=\"widget\" data-widget_type=\"heading.default\">\n\t\t\t\t<div class=\"elementor-widget-container\">\n\t\t\t<h6 class=\"elementor-heading-title elementor-size-default\">6. Cookie Management<\/h6>\t\t<\/div>\n\t\t\t\t<\/div>\n\t\t\t\t<div class=\"elementor-element elementor-element-f32bb51 elementor-widget elementor-widget-text-editor\" data-id=\"f32bb51\" data-element_type=\"widget\" data-widget_type=\"text-editor.default\">\n\t\t\t\t<div class=\"elementor-widget-container\">\n\t\t\t\t\t\t\t<p>At any time, the user or any person visiting, registering, or accessing products or services offered or published by 'C &amp; M' on the website can accept, reject, enable, and disable cookies by adjusting the controls of their web browser, following the guidance provided by each user's browser: Chrome, Microsoft Edge, Internet Explorer, Opera, Safari.<\/p><p>However, for a complete, seamless, and satisfactory browsing experience, it is recommended to keep all cookies active. Otherwise, the website and all its services may not function properly.<\/p><p>If cookies are deleted or blocked, user preferences may not be retained, and some features of the website may not be operational. In such cases, user authorization may need to be requested again for proper use and functionality.<\/p>\t\t\t\t\t\t<\/div>\n\t\t\t\t<\/div>\n\t\t\t\t<div class=\"elementor-element elementor-element-e31d300 elementor-widget elementor-widget-heading\" data-id=\"e31d300\" data-element_type=\"widget\" data-widget_type=\"heading.default\">\n\t\t\t\t<div class=\"elementor-widget-container\">\n\t\t\t<h6 class=\"elementor-heading-title elementor-size-default\">7. Policy Update<\/h6>\t\t<\/div>\n\t\t\t\t<\/div>\n\t\t\t\t<div class=\"elementor-element elementor-element-12a6072 elementor-widget elementor-widget-text-editor\" data-id=\"12a6072\" data-element_type=\"widget\" data-widget_type=\"text-editor.default\">\n\t\t\t\t<div class=\"elementor-widget-container\">\n\t\t\t\t\t\t\tIn the event that the Policy is adjusted, updated, or modified, the end user will be notified in advance of the change through a prominent notice on the website. It is of utmost importance for the user to regularly review this information to stay informed about the latest updates regarding the website's Cookie Policy.\t\t\t\t\t\t<\/div>\n\t\t\t\t<\/div>\n\t\t\t\t<div class=\"elementor-element elementor-element-7ef07ef elementor-widget elementor-widget-heading\" data-id=\"7ef07ef\" data-element_type=\"widget\" data-widget_type=\"heading.default\">\n\t\t\t\t<div class=\"elementor-widget-container\">\n\t\t\t<h6 class=\"elementor-heading-title elementor-size-default\">8. Authorization<\/h6>\t\t<\/div>\n\t\t\t\t<\/div>\n\t\t\t\t<div class=\"elementor-element elementor-element-06d0b8e elementor-widget elementor-widget-text-editor\" data-id=\"06d0b8e\" data-element_type=\"widget\" data-widget_type=\"text-editor.default\">\n\t\t\t\t<div class=\"elementor-widget-container\">\n\t\t\t\t\t\t\t<p>In order to consider the 'policy' and to ensure proper and adequate respect for the rights established in the current and applicable Colombian legal regulations, the user EXPRESSLY ACCEPTS and states, in a clear, free, spontaneous, and unequivocal manner, that they have fully understood all the information provided by C &amp; M Consultants S.A.S., a legally constituted company with its registered office in Bogot\u00e1, Colombia, NIT. 8300614741, located at Carrera 13 No. 96-67, Office 309, Akori Building, and Website www.cmconsultores.com.co; which is responsible for the processing of personal data obtained through commercial relationships with clients and users of its services. The user is aware and AUTHORIZES their data to be processed, stored, used, shared, processed, transmitted, transferred, deleted, or updated; for the fulfillment of the purposes outlined within this C &amp; M Cookie Policy.\"<\/p>\t\t\t\t\t\t<\/div>\n\t\t\t\t<\/div>\n\t\t\t\t\t<\/div>\n\t\t<\/div>\n\t\t\t\t\t<\/div>\n\t\t<\/section>\n\t\t\t\t<\/div>","protected":false},"excerpt":{"rendered":"<p>Pol\u00edtica de cookies C &amp; M Consultores utiliza cookies para mejorar tu experiencia en nuestro sitio web. POL\u00cdTICA DE COOKIES C &amp; M CONSULTORES S.A.S. La \u201cPol\u00edtica de Cookies\u201d, en adelante \u201cla Pol\u00edtica\u201d, de la empresa C &amp; M Consultores S.A.S. identificada con Nit. 8300614741, en adelante la \u201cEmpresa\u201d, \u201cCompa\u00f1\u00eda\u201d o \u201cC &amp; M\u201d, genera [&hellip;]<\/p>","protected":false},"author":2,"featured_media":0,"parent":0,"menu_order":0,"comment_status":"closed","ping_status":"closed","template":"elementor_header_footer","meta":{"_acf_changed":false,"footnotes":""},"class_list":["post-40","page","type-page","status-publish","hentry"],"acf":[],"yoast_head":"<!-- This site is optimized with the Yoast SEO plugin v23.9 - https:\/\/yoast.com\/wordpress\/plugins\/seo\/ -->\n<title>Pol\u00edtica de Cookies - C &amp; M Consultores<\/title>\n<meta name=\"description\" content=\"Esta pol\u00edtica de cookies explica como se aplicar\u00e1 al uso de cookies y tecnolog\u00eda en el sitio web y c\u00f3mo puede gestionar sus preferencias.\" \/>\n<meta name=\"robots\" content=\"index, follow, max-snippet:-1, max-image-preview:large, max-video-preview:-1\" \/>\n<link rel=\"canonical\" href=\"https:\/\/cmconsultores.com.co\/en\/politica-de-cookies\/\" \/>\n<meta property=\"og:locale\" content=\"en_US\" \/>\n<meta property=\"og:type\" content=\"article\" \/>\n<meta property=\"og:title\" content=\"Pol\u00edtica de Cookies - C &amp; M Consultores\" \/>\n<meta property=\"og:description\" content=\"Esta pol\u00edtica de cookies explica como se aplicar\u00e1 al uso de cookies y tecnolog\u00eda en el sitio web y c\u00f3mo puede gestionar sus preferencias.\" \/>\n<meta property=\"og:url\" content=\"https:\/\/cmconsultores.com.co\/en\/politica-de-cookies\/\" \/>\n<meta property=\"og:site_name\" content=\"C &amp; M Consultores\" \/>\n<meta property=\"article:modified_time\" content=\"2026-01-16T17:10:14+00:00\" \/>\n<meta name=\"twitter:card\" content=\"summary_large_image\" \/>\n<meta name=\"twitter:label1\" content=\"Est. reading time\" \/>\n\t<meta name=\"twitter:data1\" content=\"5 minutes\" \/>\n<script type=\"application\/ld+json\" class=\"yoast-schema-graph\">{\"@context\":\"https:\/\/schema.org\",\"@graph\":[{\"@type\":\"WebPage\",\"@id\":\"https:\/\/cmconsultores.com.co\/politica-de-cookies\/\",\"url\":\"https:\/\/cmconsultores.com.co\/politica-de-cookies\/\",\"name\":\"Pol\u00edtica de Cookies - C &amp; M Consultores\",\"isPartOf\":{\"@id\":\"https:\/\/cmconsultores.com.co\/#website\"},\"datePublished\":\"2022-06-09T18:17:58+00:00\",\"dateModified\":\"2026-01-16T17:10:14+00:00\",\"description\":\"Esta pol\u00edtica de cookies explica como se aplicar\u00e1 al uso de cookies y tecnolog\u00eda en el sitio web y c\u00f3mo puede gestionar sus preferencias.\",\"breadcrumb\":{\"@id\":\"https:\/\/cmconsultores.com.co\/politica-de-cookies\/#breadcrumb\"},\"inLanguage\":\"en-US\",\"potentialAction\":[{\"@type\":\"ReadAction\",\"target\":[\"https:\/\/cmconsultores.com.co\/politica-de-cookies\/\"]}]},{\"@type\":\"BreadcrumbList\",\"@id\":\"https:\/\/cmconsultores.com.co\/politica-de-cookies\/#breadcrumb\",\"itemListElement\":[{\"@type\":\"ListItem\",\"position\":1,\"name\":\"Home\",\"item\":\"https:\/\/cmconsultores.com.co\/\"},{\"@type\":\"ListItem\",\"position\":2,\"name\":\"Pol\u00edtica de Cookies\"}]},{\"@type\":\"WebSite\",\"@id\":\"https:\/\/cmconsultores.com.co\/#website\",\"url\":\"https:\/\/cmconsultores.com.co\/\",\"name\":\"C &amp; M Consultores\",\"description\":\"Asesor\u00eda y Consultor\u00eda Gerencial\",\"publisher\":{\"@id\":\"https:\/\/cmconsultores.com.co\/#organization\"},\"potentialAction\":[{\"@type\":\"SearchAction\",\"target\":{\"@type\":\"EntryPoint\",\"urlTemplate\":\"https:\/\/cmconsultores.com.co\/?s={search_term_string}\"},\"query-input\":{\"@type\":\"PropertyValueSpecification\",\"valueRequired\":true,\"valueName\":\"search_term_string\"}}],\"inLanguage\":\"en-US\"},{\"@type\":\"Organization\",\"@id\":\"https:\/\/cmconsultores.com.co\/#organization\",\"name\":\"C &amp; M Consultores\",\"url\":\"https:\/\/cmconsultores.com.co\/\",\"logo\":{\"@type\":\"ImageObject\",\"inLanguage\":\"en-US\",\"@id\":\"https:\/\/cmconsultores.com.co\/#\/schema\/logo\/image\/\",\"url\":\"https:\/\/cmconsultores.com.co\/wp-content\/uploads\/C-M-Marca-Registrada-Blanco.png\",\"contentUrl\":\"https:\/\/cmconsultores.com.co\/wp-content\/uploads\/C-M-Marca-Registrada-Blanco.png\",\"width\":300,\"height\":180,\"caption\":\"C &amp; M Consultores\"},\"image\":{\"@id\":\"https:\/\/cmconsultores.com.co\/#\/schema\/logo\/image\/\"}}]}<\/script>\n<!-- \/ Yoast SEO plugin. -->","yoast_head_json":{"title":"Pol\u00edtica de Cookies - C &amp; M Consultores","description":"Esta pol\u00edtica de cookies explica como se aplicar\u00e1 al uso de cookies y tecnolog\u00eda en el sitio web y c\u00f3mo puede gestionar sus preferencias.","robots":{"index":"index","follow":"follow","max-snippet":"max-snippet:-1","max-image-preview":"max-image-preview:large","max-video-preview":"max-video-preview:-1"},"canonical":"https:\/\/cmconsultores.com.co\/en\/politica-de-cookies\/","og_locale":"en_US","og_type":"article","og_title":"Pol\u00edtica de Cookies - C &amp; M Consultores","og_description":"Esta pol\u00edtica de cookies explica como se aplicar\u00e1 al uso de cookies y tecnolog\u00eda en el sitio web y c\u00f3mo puede gestionar sus preferencias.","og_url":"https:\/\/cmconsultores.com.co\/en\/politica-de-cookies\/","og_site_name":"C &amp; M Consultores","article_modified_time":"2026-01-16T17:10:14+00:00","twitter_card":"summary_large_image","twitter_misc":{"Est. reading time":"5 minutes"},"schema":{"@context":"https:\/\/schema.org","@graph":[{"@type":"WebPage","@id":"https:\/\/cmconsultores.com.co\/politica-de-cookies\/","url":"https:\/\/cmconsultores.com.co\/politica-de-cookies\/","name":"Pol\u00edtica de Cookies - C &amp; M Consultores","isPartOf":{"@id":"https:\/\/cmconsultores.com.co\/#website"},"datePublished":"2022-06-09T18:17:58+00:00","dateModified":"2026-01-16T17:10:14+00:00","description":"Esta pol\u00edtica de cookies explica como se aplicar\u00e1 al uso de cookies y tecnolog\u00eda en el sitio web y c\u00f3mo puede gestionar sus preferencias.","breadcrumb":{"@id":"https:\/\/cmconsultores.com.co\/politica-de-cookies\/#breadcrumb"},"inLanguage":"en-US","potentialAction":[{"@type":"ReadAction","target":["https:\/\/cmconsultores.com.co\/politica-de-cookies\/"]}]},{"@type":"BreadcrumbList","@id":"https:\/\/cmconsultores.com.co\/politica-de-cookies\/#breadcrumb","itemListElement":[{"@type":"ListItem","position":1,"name":"Home","item":"https:\/\/cmconsultores.com.co\/"},{"@type":"ListItem","position":2,"name":"Pol\u00edtica de Cookies"}]},{"@type":"WebSite","@id":"https:\/\/cmconsultores.com.co\/#website","url":"https:\/\/cmconsultores.com.co\/","name":"C &amp; M Consultores","description":"Asesor\u00eda y Consultor\u00eda Gerencial","publisher":{"@id":"https:\/\/cmconsultores.com.co\/#organization"},"potentialAction":[{"@type":"SearchAction","target":{"@type":"EntryPoint","urlTemplate":"https:\/\/cmconsultores.com.co\/?s={search_term_string}"},"query-input":{"@type":"PropertyValueSpecification","valueRequired":true,"valueName":"search_term_string"}}],"inLanguage":"en-US"},{"@type":"Organization","@id":"https:\/\/cmconsultores.com.co\/#organization","name":"C &amp; M Consultores","url":"https:\/\/cmconsultores.com.co\/","logo":{"@type":"ImageObject","inLanguage":"en-US","@id":"https:\/\/cmconsultores.com.co\/#\/schema\/logo\/image\/","url":"https:\/\/cmconsultores.com.co\/wp-content\/uploads\/C-M-Marca-Registrada-Blanco.png","contentUrl":"https:\/\/cmconsultores.com.co\/wp-content\/uploads\/C-M-Marca-Registrada-Blanco.png","width":300,"height":180,"caption":"C &amp; M Consultores"},"image":{"@id":"https:\/\/cmconsultores.com.co\/#\/schema\/logo\/image\/"}}]}},"_links":{"self":[{"href":"https:\/\/cmconsultores.com.co\/en\/wp-json\/wp\/v2\/pages\/40","targetHints":{"allow":["GET"]}}],"collection":[{"href":"https:\/\/cmconsultores.com.co\/en\/wp-json\/wp\/v2\/pages"}],"about":[{"href":"https:\/\/cmconsultores.com.co\/en\/wp-json\/wp\/v2\/types\/page"}],"author":[{"embeddable":true,"href":"https:\/\/cmconsultores.com.co\/en\/wp-json\/wp\/v2\/users\/2"}],"replies":[{"embeddable":true,"href":"https:\/\/cmconsultores.com.co\/en\/wp-json\/wp\/v2\/comments?post=40"}],"version-history":[{"count":0,"href":"https:\/\/cmconsultores.com.co\/en\/wp-json\/wp\/v2\/pages\/40\/revisions"}],"wp:attachment":[{"href":"https:\/\/cmconsultores.com.co\/en\/wp-json\/wp\/v2\/media?parent=40"}],"curies":[{"name":"wp","href":"https:\/\/api.w.org\/{rel}","templated":true}]}}