{"id":37,"date":"2022-06-09T13:17:44","date_gmt":"2022-06-09T18:17:44","guid":{"rendered":"https:\/\/desarrollos.mouseinteractivo.com\/cmconsultores\/?page_id=37"},"modified":"2026-01-16T12:04:36","modified_gmt":"2026-01-16T17:04:36","slug":"aviso-de-privacidad","status":"publish","type":"page","link":"https:\/\/cmconsultores.com.co\/en\/aviso-de-privacidad\/","title":{"rendered":"Privacy Notice"},"content":{"rendered":"<div data-elementor-type=\"wp-page\" data-elementor-id=\"37\" class=\"elementor elementor-37\" data-elementor-post-type=\"page\">\n\t\t\t\t\t\t<section data-particle_enable=\"false\" data-particle-mobile-disabled=\"false\" class=\"elementor-section elementor-top-section elementor-element elementor-element-547395d elementor-section-height-min-height elementor-section-boxed elementor-section-height-default elementor-section-items-middle\" data-id=\"547395d\" data-element_type=\"section\" data-settings=\"{&quot;background_background&quot;:&quot;classic&quot;}\">\n\t\t\t\t\t\t\t<div class=\"elementor-background-overlay\"><\/div>\n\t\t\t\t\t\t\t<div class=\"elementor-container elementor-column-gap-default\">\n\t\t\t\t\t<div class=\"elementor-column elementor-col-50 elementor-top-column elementor-element elementor-element-e42f0da\" data-id=\"e42f0da\" data-element_type=\"column\">\n\t\t\t<div class=\"elementor-widget-wrap elementor-element-populated\">\n\t\t\t\t\t\t<div class=\"elementor-element elementor-element-c796fee elementor-widget elementor-widget-heading\" data-id=\"c796fee\" data-element_type=\"widget\" data-widget_type=\"heading.default\">\n\t\t\t\t<div class=\"elementor-widget-container\">\n\t\t\t<h1 class=\"elementor-heading-title elementor-size-default\">Privacy Notice<\/h1>\t\t<\/div>\n\t\t\t\t<\/div>\n\t\t\t\t<div class=\"elementor-element elementor-element-5df032c animated-slow elementor-invisible elementor-widget elementor-widget-heading\" data-id=\"5df032c\" data-element_type=\"widget\" data-settings=\"{&quot;_animation&quot;:&quot;fadeInUp&quot;}\" data-widget_type=\"heading.default\">\n\t\t\t\t<div class=\"elementor-widget-container\">\n\t\t\t<h5 class=\"elementor-heading-title elementor-size-default\">For C &amp; M Consultants the preservation, protection, and integrity of the personal data you have provided to us are of utmost importance.<\/h5>\t\t<\/div>\n\t\t\t\t<\/div>\n\t\t\t\t\t<\/div>\n\t\t<\/div>\n\t\t\t\t<div class=\"elementor-column elementor-col-50 elementor-top-column elementor-element elementor-element-c8938f6 elementor-hidden-mobile\" data-id=\"c8938f6\" data-element_type=\"column\" data-settings=\"{&quot;background_background&quot;:&quot;classic&quot;}\">\n\t\t\t<div class=\"elementor-widget-wrap\">\n\t\t\t\t\t\t\t<\/div>\n\t\t<\/div>\n\t\t\t\t\t<\/div>\n\t\t<\/section>\n\t\t\t\t<section data-particle_enable=\"false\" data-particle-mobile-disabled=\"false\" class=\"elementor-section elementor-top-section elementor-element elementor-element-c3fec4b elementor-section-boxed elementor-section-height-default elementor-section-height-default\" data-id=\"c3fec4b\" data-element_type=\"section\">\n\t\t\t\t\t\t<div class=\"elementor-container elementor-column-gap-default\">\n\t\t\t\t\t<div class=\"elementor-column elementor-col-100 elementor-top-column elementor-element elementor-element-a7b6a95\" data-id=\"a7b6a95\" data-element_type=\"column\">\n\t\t\t<div class=\"elementor-widget-wrap elementor-element-populated\">\n\t\t\t\t\t\t<div class=\"elementor-element elementor-element-3e2e21f elementor-widget elementor-widget-heading\" data-id=\"3e2e21f\" data-element_type=\"widget\" data-widget_type=\"heading.default\">\n\t\t\t\t<div class=\"elementor-widget-container\">\n\t\t\t<h6 class=\"elementor-heading-title elementor-size-default\">PRIVACY NOTICE<\/h6>\t\t<\/div>\n\t\t\t\t<\/div>\n\t\t\t\t<div class=\"elementor-element elementor-element-c55dd26 elementor-widget elementor-widget-text-editor\" data-id=\"c55dd26\" data-element_type=\"widget\" data-widget_type=\"text-editor.default\">\n\t\t\t\t<div class=\"elementor-widget-container\">\n\t\t\t\t\t\t\t<p class=\"translation-block\"><strong>C &amp; M Consultants S.A.S.<\/strong>, identified with NIT 830061474-1, with contractual address at Carrera 13 No 96-67, Office 309, Bogot\u00e1 D.C., telephone +57 601 919 5290, and email address administracion@cmconsultores.com.co, in compliance with the Statutory Law of Habeas Data \u2013 Law 1581 of 2012, its Regulatory Decree 1377 of 2013, and those norms that complement, add or modify them, wishes to inform all employees, clients, suppliers, natural or legal persons that, in compliance with our <strong>Personal Data Protection Policy<\/strong> and with the aim of safeguarding the fundamental rights of habeas data, the personal data provided by the information owners will be used in the development of the company's functions according to the legal relationship held with each of them.<\/p><p class=\"translation-block\">For <strong> C &amp; M Consultants S.A.S.<\/strong>, dedicated to strict compliance with the law and the protection of individuals' rights, such as habeas data, privacy, intimacy, good name, and image; and in line with our policy of total responsibility, the preservation, protection, and integrity of the personal data you have entrusted to us are of utmost importance.<\/p><p>In accordance with the above, the personal data requested by C &amp; M Consultants S.A.S. will be used, according to each owner, for the following purpose:<\/p>\t\t\t\t\t\t<\/div>\n\t\t\t\t<\/div>\n\t\t\t\t<div class=\"elementor-element elementor-element-66468b3 elementor-widget elementor-widget-heading\" data-id=\"66468b3\" data-element_type=\"widget\" data-widget_type=\"heading.default\">\n\t\t\t\t<div class=\"elementor-widget-container\">\n\t\t\t<h6 class=\"elementor-heading-title elementor-size-default\">Visitors<\/h6>\t\t<\/div>\n\t\t\t\t<\/div>\n\t\t\t\t<div class=\"elementor-element elementor-element-1696f34 elementor-widget elementor-widget-text-editor\" data-id=\"1696f34\" data-element_type=\"widget\" data-widget_type=\"text-editor.default\">\n\t\t\t\t<div class=\"elementor-widget-container\">\n\t\t\t\t\t\t\tPersonal data will be used to maintain a secure record and control of entries and exits from our offices; likewise, they may be used to address internal emergency plans in situations of risk that may occur during your stay at the facilities of C &amp; M Consultants S.A.S.\t\t\t\t\t\t<\/div>\n\t\t\t\t<\/div>\n\t\t\t\t<div class=\"elementor-element elementor-element-4f654d6 elementor-widget elementor-widget-heading\" data-id=\"4f654d6\" data-element_type=\"widget\" data-widget_type=\"heading.default\">\n\t\t\t\t<div class=\"elementor-widget-container\">\n\t\t\t<h6 class=\"elementor-heading-title elementor-size-default\">Client Suppliers<\/h6>\t\t<\/div>\n\t\t\t\t<\/div>\n\t\t\t\t<div class=\"elementor-element elementor-element-2842a1b elementor-widget elementor-widget-text-editor\" data-id=\"2842a1b\" data-element_type=\"widget\" data-widget_type=\"text-editor.default\">\n\t\t\t\t<div class=\"elementor-widget-container\">\n\t\t\t\t\t\t\tPersonal data will be used to maintain a secure record and control of entries and exits from our offices; likewise, they may be used to address internal emergency plans in situations of risk that may occur during your stay at the facilities of C &amp; M Consultants S.A.S.\t\t\t\t\t\t<\/div>\n\t\t\t\t<\/div>\n\t\t\t\t<div class=\"elementor-element elementor-element-082d3ac elementor-widget elementor-widget-heading\" data-id=\"082d3ac\" data-element_type=\"widget\" data-widget_type=\"heading.default\">\n\t\t\t\t<div class=\"elementor-widget-container\">\n\t\t\t<h6 class=\"elementor-heading-title elementor-size-default\">Employees<\/h6>\t\t<\/div>\n\t\t\t\t<\/div>\n\t\t\t\t<div class=\"elementor-element elementor-element-a427a0a elementor-widget elementor-widget-text-editor\" data-id=\"a427a0a\" data-element_type=\"widget\" data-widget_type=\"text-editor.default\">\n\t\t\t\t<div class=\"elementor-widget-container\">\n\t\t\t\t\t\t\tPersonal data will be used during your participation in the hiring process and will serve the purpose of: identification, location, communication, contact, and sending of information related to the potential hiring process and\/or, in the case of a labor, civil, or commercial relationship, in relation to the payment of salaries, social benefits, and other retributions established in the employment contract, as well as their transmission to branches inside and outside the country for the same purposes.\t\t\t\t\t\t<\/div>\n\t\t\t\t<\/div>\n\t\t\t\t<div class=\"elementor-element elementor-element-c1b06ec elementor-widget elementor-widget-heading\" data-id=\"c1b06ec\" data-element_type=\"widget\" data-widget_type=\"heading.default\">\n\t\t\t\t<div class=\"elementor-widget-container\">\n\t\t\t<h6 class=\"elementor-heading-title elementor-size-default\">CLOSED-CIRCUIT TELEVISION (CCTV)<\/h6>\t\t<\/div>\n\t\t\t\t<\/div>\n\t\t\t\t<div class=\"elementor-element elementor-element-aff5795 elementor-widget elementor-widget-text-editor\" data-id=\"aff5795\" data-element_type=\"widget\" data-widget_type=\"text-editor.default\">\n\t\t\t\t<div class=\"elementor-widget-container\">\n\t\t\t\t\t\t\t<p>DEAR VISITOR AND EMPLOYEE:<\/p><p class=\"translation-block\">From this moment until you leave the premises, you are being recorded by the security cameras of <strong>C &amp; M Consultants S.A.S.<\/strong>, the entity responsible for the processing of personal data.<\/p><p>The images and recordings made during your stay on our premises will be used solely for the following purposes:<\/p><ol><li>Security, access control, and surveillance of our visitors and employees.<\/li><li>Conducting criminal or administrative investigations.<\/li><\/ol><p>\u00a0<\/p><p>Information for data subjects: The video surveillance data will be retained for a period of twenty (20) days and will only be shared upon order of competent authorities.<\/p><p>You have the right to (I) know, update, and rectify your data if it is partial, inaccurate, incomplete, divided, or misleading; (II) request proof of this authorization; (III) be informed about the processing of your data; (IV) revoke the authorization and request the deletion of the provided data in accordance with Law 1581 of 2012; (VI) access the processed data for free.<\/p><p>For more information regarding the use of your personal data, you can refer to our <em><strong>Personal Data Treatment Policy.<\/strong><\/em><\/p>\t\t\t\t\t\t<\/div>\n\t\t\t\t<\/div>\n\t\t\t\t<div class=\"elementor-element elementor-element-5c922c8 elementor-widget elementor-widget-heading\" data-id=\"5c922c8\" data-element_type=\"widget\" data-widget_type=\"heading.default\">\n\t\t\t\t<div class=\"elementor-widget-container\">\n\t\t\t<h6 class=\"elementor-heading-title elementor-size-default\">EXERCISING YOUR RIGHTS<\/h6>\t\t<\/div>\n\t\t\t\t<\/div>\n\t\t\t\t<div class=\"elementor-element elementor-element-d878a9b elementor-widget elementor-widget-text-editor\" data-id=\"d878a9b\" data-element_type=\"widget\" data-widget_type=\"text-editor.default\">\n\t\t\t\t<div class=\"elementor-widget-container\">\n\t\t\t\t\t\t\tThe data subject or their duly accredited legal representative has the right to: (I) know, update, and rectify their data if it is partial, inaccurate, incomplete, divided, or misleading; (II) request proof of this authorization; (III) be informed about the processing of their data; (IV) revoke the authorization and request the deletion of the provided data in accordance with Law 1581 of 2012; (VI) access the processed data for free.\t\t\t\t\t\t<\/div>\n\t\t\t\t<\/div>\n\t\t\t\t<div class=\"elementor-element elementor-element-3f2cd21 elementor-widget elementor-widget-heading\" data-id=\"3f2cd21\" data-element_type=\"widget\" data-widget_type=\"heading.default\">\n\t\t\t\t<div class=\"elementor-widget-container\">\n\t\t\t<h6 class=\"elementor-heading-title elementor-size-default\">HOW TO EXERCISE YOUR RIGHTS<\/h6>\t\t<\/div>\n\t\t\t\t<\/div>\n\t\t\t\t<div class=\"elementor-element elementor-element-88b085b elementor-widget elementor-widget-text-editor\" data-id=\"88b085b\" data-element_type=\"widget\" data-widget_type=\"text-editor.default\">\n\t\t\t\t<div class=\"elementor-widget-container\">\n\t\t\t\t\t\t\t<p>You can exercise the aforementioned rights through the following channels provided by <strong>C &amp; M Consultants S.A.S.<\/strong>:<\/p><p>a) Carrera 13 No 96-67. Office 309, and<\/p><p>b) protecciondedatos@cmconsultores.com.co.<\/p>\t\t\t\t\t\t<\/div>\n\t\t\t\t<\/div>\n\t\t\t\t\t<\/div>\n\t\t<\/div>\n\t\t\t\t\t<\/div>\n\t\t<\/section>\n\t\t\t\t<\/div>","protected":false},"excerpt":{"rendered":"<p>Aviso de privacidad Para C &amp; M Consultores es muy importante la conservaci\u00f3n, protecci\u00f3n e integridad de los datos personales que usted has puesto a nuestra disposici\u00f3n. AVISO DE PRIVACIDAD C &amp; M Consultores S.A.S., identificada con NIT 830061474- 1, con direcci\u00f3n contractual Carrera 13 No 96-67. Oficina 309 de Bogot\u00e1 D.C., tel\u00e9fono +57 601 [&hellip;]<\/p>","protected":false},"author":2,"featured_media":0,"parent":0,"menu_order":0,"comment_status":"closed","ping_status":"closed","template":"elementor_header_footer","meta":{"_acf_changed":false,"footnotes":""},"class_list":["post-37","page","type-page","status-publish","hentry"],"acf":[],"yoast_head":"<!-- This site is optimized with the Yoast SEO plugin v23.9 - https:\/\/yoast.com\/wordpress\/plugins\/seo\/ -->\n<title>Aviso de Privacidad - C &amp; M Consultores<\/title>\n<meta name=\"description\" content=\"En C &amp; M Consultores nos comprometemos a resguardar tu privacidad conforme con nuestra Pol\u00edtica de Protecci\u00f3n de Datos Personales.\" \/>\n<meta name=\"robots\" content=\"index, follow, max-snippet:-1, max-image-preview:large, max-video-preview:-1\" \/>\n<link rel=\"canonical\" href=\"https:\/\/cmconsultores.com.co\/en\/aviso-de-privacidad\/\" \/>\n<meta property=\"og:locale\" content=\"en_US\" \/>\n<meta property=\"og:type\" content=\"article\" \/>\n<meta property=\"og:title\" content=\"Aviso de Privacidad - C &amp; M Consultores\" \/>\n<meta property=\"og:description\" content=\"En C &amp; M Consultores nos comprometemos a resguardar tu privacidad conforme con nuestra Pol\u00edtica de Protecci\u00f3n de Datos Personales.\" \/>\n<meta property=\"og:url\" content=\"https:\/\/cmconsultores.com.co\/en\/aviso-de-privacidad\/\" \/>\n<meta property=\"og:site_name\" content=\"C &amp; M Consultores\" \/>\n<meta property=\"article:modified_time\" content=\"2026-01-16T17:04:36+00:00\" \/>\n<meta name=\"twitter:card\" content=\"summary_large_image\" \/>\n<meta name=\"twitter:label1\" content=\"Est. reading time\" \/>\n\t<meta name=\"twitter:data1\" content=\"4 minutes\" \/>\n<script type=\"application\/ld+json\" class=\"yoast-schema-graph\">{\"@context\":\"https:\/\/schema.org\",\"@graph\":[{\"@type\":\"WebPage\",\"@id\":\"https:\/\/cmconsultores.com.co\/aviso-de-privacidad\/\",\"url\":\"https:\/\/cmconsultores.com.co\/aviso-de-privacidad\/\",\"name\":\"Aviso de Privacidad - C &amp; M Consultores\",\"isPartOf\":{\"@id\":\"https:\/\/cmconsultores.com.co\/#website\"},\"datePublished\":\"2022-06-09T18:17:44+00:00\",\"dateModified\":\"2026-01-16T17:04:36+00:00\",\"description\":\"En C & M Consultores nos comprometemos a resguardar tu privacidad conforme con nuestra Pol\u00edtica de Protecci\u00f3n de Datos Personales.\",\"breadcrumb\":{\"@id\":\"https:\/\/cmconsultores.com.co\/aviso-de-privacidad\/#breadcrumb\"},\"inLanguage\":\"en-US\",\"potentialAction\":[{\"@type\":\"ReadAction\",\"target\":[\"https:\/\/cmconsultores.com.co\/aviso-de-privacidad\/\"]}]},{\"@type\":\"BreadcrumbList\",\"@id\":\"https:\/\/cmconsultores.com.co\/aviso-de-privacidad\/#breadcrumb\",\"itemListElement\":[{\"@type\":\"ListItem\",\"position\":1,\"name\":\"Home\",\"item\":\"https:\/\/cmconsultores.com.co\/\"},{\"@type\":\"ListItem\",\"position\":2,\"name\":\"Aviso de Privacidad\"}]},{\"@type\":\"WebSite\",\"@id\":\"https:\/\/cmconsultores.com.co\/#website\",\"url\":\"https:\/\/cmconsultores.com.co\/\",\"name\":\"C &amp; M Consultores\",\"description\":\"Asesor\u00eda y Consultor\u00eda Gerencial\",\"publisher\":{\"@id\":\"https:\/\/cmconsultores.com.co\/#organization\"},\"potentialAction\":[{\"@type\":\"SearchAction\",\"target\":{\"@type\":\"EntryPoint\",\"urlTemplate\":\"https:\/\/cmconsultores.com.co\/?s={search_term_string}\"},\"query-input\":{\"@type\":\"PropertyValueSpecification\",\"valueRequired\":true,\"valueName\":\"search_term_string\"}}],\"inLanguage\":\"en-US\"},{\"@type\":\"Organization\",\"@id\":\"https:\/\/cmconsultores.com.co\/#organization\",\"name\":\"C &amp; M Consultores\",\"url\":\"https:\/\/cmconsultores.com.co\/\",\"logo\":{\"@type\":\"ImageObject\",\"inLanguage\":\"en-US\",\"@id\":\"https:\/\/cmconsultores.com.co\/#\/schema\/logo\/image\/\",\"url\":\"https:\/\/cmconsultores.com.co\/wp-content\/uploads\/C-M-Marca-Registrada-Blanco.png\",\"contentUrl\":\"https:\/\/cmconsultores.com.co\/wp-content\/uploads\/C-M-Marca-Registrada-Blanco.png\",\"width\":300,\"height\":180,\"caption\":\"C &amp; M Consultores\"},\"image\":{\"@id\":\"https:\/\/cmconsultores.com.co\/#\/schema\/logo\/image\/\"}}]}<\/script>\n<!-- \/ Yoast SEO plugin. -->","yoast_head_json":{"title":"Aviso de Privacidad - C &amp; M Consultores","description":"En C & M Consultores nos comprometemos a resguardar tu privacidad conforme con nuestra Pol\u00edtica de Protecci\u00f3n de Datos Personales.","robots":{"index":"index","follow":"follow","max-snippet":"max-snippet:-1","max-image-preview":"max-image-preview:large","max-video-preview":"max-video-preview:-1"},"canonical":"https:\/\/cmconsultores.com.co\/en\/aviso-de-privacidad\/","og_locale":"en_US","og_type":"article","og_title":"Aviso de Privacidad - C &amp; M Consultores","og_description":"En C & M Consultores nos comprometemos a resguardar tu privacidad conforme con nuestra Pol\u00edtica de Protecci\u00f3n de Datos Personales.","og_url":"https:\/\/cmconsultores.com.co\/en\/aviso-de-privacidad\/","og_site_name":"C &amp; M Consultores","article_modified_time":"2026-01-16T17:04:36+00:00","twitter_card":"summary_large_image","twitter_misc":{"Est. reading time":"4 minutes"},"schema":{"@context":"https:\/\/schema.org","@graph":[{"@type":"WebPage","@id":"https:\/\/cmconsultores.com.co\/aviso-de-privacidad\/","url":"https:\/\/cmconsultores.com.co\/aviso-de-privacidad\/","name":"Aviso de Privacidad - C &amp; M Consultores","isPartOf":{"@id":"https:\/\/cmconsultores.com.co\/#website"},"datePublished":"2022-06-09T18:17:44+00:00","dateModified":"2026-01-16T17:04:36+00:00","description":"En C & M Consultores nos comprometemos a resguardar tu privacidad conforme con nuestra Pol\u00edtica de Protecci\u00f3n de Datos Personales.","breadcrumb":{"@id":"https:\/\/cmconsultores.com.co\/aviso-de-privacidad\/#breadcrumb"},"inLanguage":"en-US","potentialAction":[{"@type":"ReadAction","target":["https:\/\/cmconsultores.com.co\/aviso-de-privacidad\/"]}]},{"@type":"BreadcrumbList","@id":"https:\/\/cmconsultores.com.co\/aviso-de-privacidad\/#breadcrumb","itemListElement":[{"@type":"ListItem","position":1,"name":"Home","item":"https:\/\/cmconsultores.com.co\/"},{"@type":"ListItem","position":2,"name":"Aviso de Privacidad"}]},{"@type":"WebSite","@id":"https:\/\/cmconsultores.com.co\/#website","url":"https:\/\/cmconsultores.com.co\/","name":"C &amp; M Consultores","description":"Asesor\u00eda y Consultor\u00eda Gerencial","publisher":{"@id":"https:\/\/cmconsultores.com.co\/#organization"},"potentialAction":[{"@type":"SearchAction","target":{"@type":"EntryPoint","urlTemplate":"https:\/\/cmconsultores.com.co\/?s={search_term_string}"},"query-input":{"@type":"PropertyValueSpecification","valueRequired":true,"valueName":"search_term_string"}}],"inLanguage":"en-US"},{"@type":"Organization","@id":"https:\/\/cmconsultores.com.co\/#organization","name":"C &amp; M Consultores","url":"https:\/\/cmconsultores.com.co\/","logo":{"@type":"ImageObject","inLanguage":"en-US","@id":"https:\/\/cmconsultores.com.co\/#\/schema\/logo\/image\/","url":"https:\/\/cmconsultores.com.co\/wp-content\/uploads\/C-M-Marca-Registrada-Blanco.png","contentUrl":"https:\/\/cmconsultores.com.co\/wp-content\/uploads\/C-M-Marca-Registrada-Blanco.png","width":300,"height":180,"caption":"C &amp; M Consultores"},"image":{"@id":"https:\/\/cmconsultores.com.co\/#\/schema\/logo\/image\/"}}]}},"_links":{"self":[{"href":"https:\/\/cmconsultores.com.co\/en\/wp-json\/wp\/v2\/pages\/37","targetHints":{"allow":["GET"]}}],"collection":[{"href":"https:\/\/cmconsultores.com.co\/en\/wp-json\/wp\/v2\/pages"}],"about":[{"href":"https:\/\/cmconsultores.com.co\/en\/wp-json\/wp\/v2\/types\/page"}],"author":[{"embeddable":true,"href":"https:\/\/cmconsultores.com.co\/en\/wp-json\/wp\/v2\/users\/2"}],"replies":[{"embeddable":true,"href":"https:\/\/cmconsultores.com.co\/en\/wp-json\/wp\/v2\/comments?post=37"}],"version-history":[{"count":0,"href":"https:\/\/cmconsultores.com.co\/en\/wp-json\/wp\/v2\/pages\/37\/revisions"}],"wp:attachment":[{"href":"https:\/\/cmconsultores.com.co\/en\/wp-json\/wp\/v2\/media?parent=37"}],"curies":[{"name":"wp","href":"https:\/\/api.w.org\/{rel}","templated":true}]}}