{"id":13,"date":"2022-06-08T16:31:15","date_gmt":"2022-06-08T21:31:15","guid":{"rendered":"https:\/\/desarrollos.mouseinteractivo.com\/cmconsultores\/?page_id=13"},"modified":"2026-03-30T11:33:15","modified_gmt":"2026-03-30T16:33:15","slug":"insights","status":"publish","type":"page","link":"https:\/\/cmconsultores.com.co\/en\/insights\/","title":{"rendered":"INSIGHTS"},"content":{"rendered":"<div data-elementor-type=\"wp-page\" data-elementor-id=\"13\" class=\"elementor elementor-13\" data-elementor-post-type=\"page\">\n\t\t\t\t\t\t<section data-particle_enable=\"false\" data-particle-mobile-disabled=\"false\" class=\"elementor-section elementor-top-section elementor-element elementor-element-ef3b452 elementor-section-height-min-height elementor-section-boxed elementor-section-height-default elementor-section-items-middle\" data-id=\"ef3b452\" data-element_type=\"section\" data-settings=\"{&quot;background_background&quot;:&quot;classic&quot;}\">\n\t\t\t\t\t\t\t<div class=\"elementor-background-overlay\"><\/div>\n\t\t\t\t\t\t\t<div class=\"elementor-container elementor-column-gap-default\">\n\t\t\t\t\t<div class=\"elementor-column elementor-col-50 elementor-top-column elementor-element elementor-element-e23d467\" data-id=\"e23d467\" data-element_type=\"column\">\n\t\t\t<div class=\"elementor-widget-wrap elementor-element-populated\">\n\t\t\t\t\t\t<div class=\"elementor-element elementor-element-febd243 elementor-widget elementor-widget-heading\" data-id=\"febd243\" data-element_type=\"widget\" data-widget_type=\"heading.default\">\n\t\t\t\t<div class=\"elementor-widget-container\">\n\t\t\t<h1 class=\"elementor-heading-title elementor-size-default\">C &amp; M<br>\nINSIGHTS<\/h1>\t\t<\/div>\n\t\t\t\t<\/div>\n\t\t\t\t<div class=\"elementor-element elementor-element-4184f59 animated-slow elementor-hidden-widescreen elementor-hidden-desktop elementor-hidden-tablet elementor-hidden-mobile elementor-invisible elementor-widget elementor-widget-heading\" data-id=\"4184f59\" data-element_type=\"widget\" data-settings=\"{&quot;_animation&quot;:&quot;fadeInUp&quot;,&quot;_animation_delay&quot;:300}\" data-widget_type=\"heading.default\">\n\t\t\t\t<div class=\"elementor-widget-container\">\n\t\t\t<h5 class=\"elementor-heading-title elementor-size-default\">We thrive by transforming organizations to be ready for a digital and cognitive future, providing world-class opportunities for talents worldwide.<\/h5>\t\t<\/div>\n\t\t\t\t<\/div>\n\t\t\t\t\t<\/div>\n\t\t<\/div>\n\t\t\t\t<div class=\"elementor-column elementor-col-50 elementor-top-column elementor-element elementor-element-305e316 elementor-hidden-mobile\" data-id=\"305e316\" data-element_type=\"column\">\n\t\t\t<div class=\"elementor-widget-wrap\">\n\t\t\t\t\t\t\t<\/div>\n\t\t<\/div>\n\t\t\t\t\t<\/div>\n\t\t<\/section>\n\t\t\t\t<section data-particle_enable=\"false\" data-particle-mobile-disabled=\"false\" class=\"elementor-section elementor-top-section elementor-element elementor-element-da41ffb elementor-section-boxed elementor-section-height-default elementor-section-height-default\" data-id=\"da41ffb\" data-element_type=\"section\">\n\t\t\t\t\t\t<div class=\"elementor-container elementor-column-gap-default\">\n\t\t\t\t\t<div class=\"elementor-column elementor-col-100 elementor-top-column elementor-element elementor-element-5ea939b\" data-id=\"5ea939b\" data-element_type=\"column\">\n\t\t\t<div class=\"elementor-widget-wrap elementor-element-populated\">\n\t\t\t\t\t\t<div class=\"elementor-element elementor-element-aeaf52f elementor-grid-4 elementor-grid-tablet-2 elementor-grid-mobile-1 elementor-posts--thumbnail-top elementor-posts__hover-gradient elementor-widget elementor-widget-posts\" data-id=\"aeaf52f\" data-element_type=\"widget\" data-settings=\"{&quot;cards_row_gap&quot;:{&quot;unit&quot;:&quot;px&quot;,&quot;size&quot;:25,&quot;sizes&quot;:[]},&quot;pagination_type&quot;:&quot;numbers&quot;,&quot;cards_columns&quot;:&quot;4&quot;,&quot;cards_columns_tablet&quot;:&quot;2&quot;,&quot;cards_columns_mobile&quot;:&quot;1&quot;,&quot;cards_row_gap_widescreen&quot;:{&quot;unit&quot;:&quot;px&quot;,&quot;size&quot;:&quot;&quot;,&quot;sizes&quot;:[]},&quot;cards_row_gap_tablet&quot;:{&quot;unit&quot;:&quot;px&quot;,&quot;size&quot;:&quot;&quot;,&quot;sizes&quot;:[]},&quot;cards_row_gap_mobile&quot;:{&quot;unit&quot;:&quot;px&quot;,&quot;size&quot;:&quot;&quot;,&quot;sizes&quot;:[]}}\" data-widget_type=\"posts.cards\">\n\t\t\t\t<div class=\"elementor-widget-container\">\n\t\t\t\t\t<div class=\"elementor-posts-container elementor-posts elementor-posts--skin-cards elementor-grid\">\n\t\t\t\t<article class=\"elementor-post elementor-grid-item post-10295 post type-post status-publish format-standard has-post-thumbnail hentry category-noticia category-proyecto\">\n\t\t\t<div class=\"elementor-post__card\">\n\t\t\t\t<a class=\"elementor-post__thumbnail__link\" href=\"https:\/\/cmconsultores.com.co\/en\/el-estanquillo-popayan-infraestructura-vial-en-colombia\/\" tabindex=\"-1\" target=\"_blank\"><div class=\"elementor-post__thumbnail\"><img fetchpriority=\"high\" decoding=\"async\" width=\"1920\" height=\"1080\" src=\"https:\/\/cmconsultores.com.co\/wp-content\/uploads\/Glorieta-El-Estanquillo-\u2013-Timbio-via-existente.webp\" class=\"attachment-full size-full wp-image-10308\" alt=\"Render del proyecto El Estanquillo - Popay\u00e1n\" srcset=\"https:\/\/cmconsultores.com.co\/wp-content\/uploads\/Glorieta-El-Estanquillo-\u2013-Timbio-via-existente.webp 1920w, https:\/\/cmconsultores.com.co\/wp-content\/uploads\/Glorieta-El-Estanquillo-\u2013-Timbio-via-existente-300x169.webp 300w, https:\/\/cmconsultores.com.co\/wp-content\/uploads\/Glorieta-El-Estanquillo-\u2013-Timbio-via-existente-1024x576.webp 1024w, https:\/\/cmconsultores.com.co\/wp-content\/uploads\/Glorieta-El-Estanquillo-\u2013-Timbio-via-existente-150x84.webp 150w, https:\/\/cmconsultores.com.co\/wp-content\/uploads\/Glorieta-El-Estanquillo-\u2013-Timbio-via-existente-768x432.webp 768w, https:\/\/cmconsultores.com.co\/wp-content\/uploads\/Glorieta-El-Estanquillo-\u2013-Timbio-via-existente-1536x864.webp 1536w, https:\/\/cmconsultores.com.co\/wp-content\/uploads\/Glorieta-El-Estanquillo-\u2013-Timbio-via-existente-18x10.webp 18w\" sizes=\"(max-width: 1920px) 100vw, 1920px\" \/><\/div><\/a>\n\t\t\t\t<div class=\"elementor-post__badge\">NOTICIA<\/div>\n\t\t\t\t<div class=\"elementor-post__text\">\n\t\t\t\t<h4 class=\"elementor-post__title\">\n\t\t\t<a href=\"https:\/\/cmconsultores.com.co\/en\/el-estanquillo-popayan-infraestructura-vial-en-colombia\/\" target=\"&quot;_blank&quot;\">\n\t\t\t\tEl Estanquillo &#8211; Popay\u00e1n: una APP hist\u00f3rica que redefine la infraestructura vial en Colombia\t\t\t<\/a>\n\t\t<\/h4>\n\t\t\t\t<div class=\"elementor-post__excerpt\">\n\t\t\t<p>El Estanquillo &#8211; Popay\u00e1n se consolida como un referente de infraestructura estrat\u00e9gica en Colombia y ratifica el valor de una estructuraci\u00f3n integral s\u00f3lida para viabilizar obras de gran escala con impacto en la conectividad y la articulaci\u00f3n territorial a nivel nacional.<\/p>\n\t\t<\/div>\n\t\t\t\t\t<div class=\"elementor-post__read-more-wrapper\">\n\t\t\n\t\t<a class=\"elementor-post__read-more\" href=\"https:\/\/cmconsultores.com.co\/en\/el-estanquillo-popayan-infraestructura-vial-en-colombia\/\" aria-label=\"Read more about El Estanquillo &#8211; Popay\u00e1n: una APP hist\u00f3rica que redefine la infraestructura vial en Colombia\" tabindex=\"-1\" target=\"_blank\">\n\t\t\tRead more \u00bb\t\t<\/a>\n\n\t\t\t\t\t<\/div>\n\t\t\t\t<\/div>\n\t\t\t\t<div class=\"elementor-post__meta-data\">\n\t\t\t\t\t<span class=\"elementor-post-date\">\n\t\t\t30 March, 2026\t\t<\/span>\n\t\t\t\t<\/div>\n\t\t\t\t\t<\/div>\n\t\t<\/article>\n\t\t\t\t<article class=\"elementor-post elementor-grid-item post-10202 post type-post status-publish format-standard has-post-thumbnail hentry category-articulo\">\n\t\t\t<div class=\"elementor-post__card\">\n\t\t\t\t<a class=\"elementor-post__thumbnail__link\" href=\"https:\/\/cmconsultores.com.co\/en\/interventoria-pae-registra-mas-de-3-200-visitas-en-escuelas-de-bogota\/\" tabindex=\"-1\" target=\"_blank\"><div class=\"elementor-post__thumbnail\"><img decoding=\"async\" width=\"1280\" height=\"465\" src=\"https:\/\/cmconsultores.com.co\/wp-content\/uploads\/miniatura.webp\" class=\"attachment-full size-full wp-image-10241\" alt=\"Programa de Alimentaci\u00f3n Escolar - PAE\" srcset=\"https:\/\/cmconsultores.com.co\/wp-content\/uploads\/miniatura.webp 1280w, https:\/\/cmconsultores.com.co\/wp-content\/uploads\/miniatura-300x109.webp 300w, https:\/\/cmconsultores.com.co\/wp-content\/uploads\/miniatura-1024x372.webp 1024w, https:\/\/cmconsultores.com.co\/wp-content\/uploads\/miniatura-150x54.webp 150w, https:\/\/cmconsultores.com.co\/wp-content\/uploads\/miniatura-768x279.webp 768w, https:\/\/cmconsultores.com.co\/wp-content\/uploads\/miniatura-18x7.webp 18w\" sizes=\"(max-width: 1280px) 100vw, 1280px\" \/><\/div><\/a>\n\t\t\t\t<div class=\"elementor-post__badge\">ARTICLE<\/div>\n\t\t\t\t<div class=\"elementor-post__text\">\n\t\t\t\t<h4 class=\"elementor-post__title\">\n\t\t\t<a href=\"https:\/\/cmconsultores.com.co\/en\/interventoria-pae-registra-mas-de-3-200-visitas-en-escuelas-de-bogota\/\" target=\"&quot;_blank&quot;\">\n\t\t\t\tInterventor\u00eda PAE registra m\u00e1s de 3.200 visitas en escuelas de Bogot\u00e1\t\t\t<\/a>\n\t\t<\/h4>\n\t\t\t\t<div class=\"elementor-post__excerpt\">\n\t\t\t<p>C &#038; M Consultores lidera la interventor\u00eda del PAE en Bogot\u00e1, fortaleciendo el control y la verificaci\u00f3n del servicio mediante el soporte t\u00e9cnico especializado y seguimiento en territorio. Esta labor garantiza el cumplimiento contractual y una operaci\u00f3n eficiente del programa.<\/p>\n\t\t<\/div>\n\t\t\t\t\t<div class=\"elementor-post__read-more-wrapper\">\n\t\t\n\t\t<a class=\"elementor-post__read-more\" href=\"https:\/\/cmconsultores.com.co\/en\/interventoria-pae-registra-mas-de-3-200-visitas-en-escuelas-de-bogota\/\" aria-label=\"Read more about Interventor\u00eda PAE registra m\u00e1s de 3.200 visitas en escuelas de Bogot\u00e1\" tabindex=\"-1\" target=\"_blank\">\n\t\t\tRead more \u00bb\t\t<\/a>\n\n\t\t\t\t\t<\/div>\n\t\t\t\t<\/div>\n\t\t\t\t<div class=\"elementor-post__meta-data\">\n\t\t\t\t\t<span class=\"elementor-post-date\">\n\t\t\t19 February, 2026\t\t<\/span>\n\t\t\t\t<\/div>\n\t\t\t\t\t<\/div>\n\t\t<\/article>\n\t\t\t\t<article class=\"elementor-post elementor-grid-item post-10166 post type-post status-publish format-standard has-post-thumbnail hentry category-articulo\">\n\t\t\t<div class=\"elementor-post__card\">\n\t\t\t\t<a class=\"elementor-post__thumbnail__link\" href=\"https:\/\/cmconsultores.com.co\/en\/centros-digitales-conectividad-que-se-convierte-en-oportunidad\/\" tabindex=\"-1\" target=\"_blank\"><div class=\"elementor-post__thumbnail\"><img decoding=\"async\" width=\"1920\" height=\"1298\" src=\"https:\/\/cmconsultores.com.co\/wp-content\/uploads\/CD-EL-ROSAL.webp\" class=\"attachment-full size-full wp-image-10182\" alt=\"Colegio con Centro Digital ETB\" srcset=\"https:\/\/cmconsultores.com.co\/wp-content\/uploads\/CD-EL-ROSAL.webp 1920w, https:\/\/cmconsultores.com.co\/wp-content\/uploads\/CD-EL-ROSAL-300x203.webp 300w, https:\/\/cmconsultores.com.co\/wp-content\/uploads\/CD-EL-ROSAL-1024x692.webp 1024w, https:\/\/cmconsultores.com.co\/wp-content\/uploads\/CD-EL-ROSAL-150x101.webp 150w, https:\/\/cmconsultores.com.co\/wp-content\/uploads\/CD-EL-ROSAL-768x519.webp 768w, https:\/\/cmconsultores.com.co\/wp-content\/uploads\/CD-EL-ROSAL-1536x1038.webp 1536w, https:\/\/cmconsultores.com.co\/wp-content\/uploads\/CD-EL-ROSAL-18x12.webp 18w\" sizes=\"(max-width: 1920px) 100vw, 1920px\" \/><\/div><\/a>\n\t\t\t\t<div class=\"elementor-post__badge\">ARTICLE<\/div>\n\t\t\t\t<div class=\"elementor-post__text\">\n\t\t\t\t<h4 class=\"elementor-post__title\">\n\t\t\t<a href=\"https:\/\/cmconsultores.com.co\/en\/centros-digitales-conectividad-que-se-convierte-en-oportunidad\/\" target=\"&quot;_blank&quot;\">\n\t\t\t\tCentros Digitales: conectividad que se convierte en oportunidad\t\t\t<\/a>\n\t\t<\/h4>\n\t\t\t\t<div class=\"elementor-post__excerpt\">\n\t\t\t<p>Mediante una gesti\u00f3n estructurada y con enfoque territorial, C &#038; M Consultores supervis\u00f3 la ejecuci\u00f3n de los Centros Digitales, aportando a la reducci\u00f3n de brechas digitales y al fortalecimiento de la conectividad en zonas urbanas y rurales de Colombia.<\/p>\n\t\t<\/div>\n\t\t\t\t\t<div class=\"elementor-post__read-more-wrapper\">\n\t\t\n\t\t<a class=\"elementor-post__read-more\" href=\"https:\/\/cmconsultores.com.co\/en\/centros-digitales-conectividad-que-se-convierte-en-oportunidad\/\" aria-label=\"Read more about Centros Digitales: conectividad que se convierte en oportunidad\" tabindex=\"-1\" target=\"_blank\">\n\t\t\tRead more \u00bb\t\t<\/a>\n\n\t\t\t\t\t<\/div>\n\t\t\t\t<\/div>\n\t\t\t\t<div class=\"elementor-post__meta-data\">\n\t\t\t\t\t<span class=\"elementor-post-date\">\n\t\t\t30 January, 2026\t\t<\/span>\n\t\t\t\t<\/div>\n\t\t\t\t\t<\/div>\n\t\t<\/article>\n\t\t\t\t<article class=\"elementor-post elementor-grid-item post-9930 post type-post status-publish format-standard has-post-thumbnail hentry category-articulo\">\n\t\t\t<div class=\"elementor-post__card\">\n\t\t\t\t<a class=\"elementor-post__thumbnail__link\" href=\"https:\/\/cmconsultores.com.co\/en\/sirci-transmilenio-movilidad-urbana-bogota\/\" tabindex=\"-1\" target=\"_blank\"><div class=\"elementor-post__thumbnail\"><img loading=\"lazy\" decoding=\"async\" width=\"1280\" height=\"465\" src=\"https:\/\/cmconsultores.com.co\/wp-content\/uploads\/SIRCI-TMSA.webp\" class=\"attachment-full size-full wp-image-9970\" alt=\"Personal operativo de TransMilenio supervisa la salida de buses del SITP en una plataforma.\" srcset=\"https:\/\/cmconsultores.com.co\/wp-content\/uploads\/SIRCI-TMSA.webp 1280w, https:\/\/cmconsultores.com.co\/wp-content\/uploads\/SIRCI-TMSA-300x109.webp 300w, https:\/\/cmconsultores.com.co\/wp-content\/uploads\/SIRCI-TMSA-1024x372.webp 1024w, https:\/\/cmconsultores.com.co\/wp-content\/uploads\/SIRCI-TMSA-150x54.webp 150w, https:\/\/cmconsultores.com.co\/wp-content\/uploads\/SIRCI-TMSA-768x279.webp 768w, https:\/\/cmconsultores.com.co\/wp-content\/uploads\/SIRCI-TMSA-18x7.webp 18w\" sizes=\"(max-width: 1280px) 100vw, 1280px\" \/><\/div><\/a>\n\t\t\t\t<div class=\"elementor-post__badge\">ARTICLE<\/div>\n\t\t\t\t<div class=\"elementor-post__text\">\n\t\t\t\t<h4 class=\"elementor-post__title\">\n\t\t\t<a href=\"https:\/\/cmconsultores.com.co\/en\/sirci-transmilenio-movilidad-urbana-bogota\/\" target=\"&quot;_blank&quot;\">\n\t\t\t\tSIRCI: A key component of urban mobility in Bogot\u00e1\t\t\t<\/a>\n\t\t<\/h4>\n\t\t\t\t<div class=\"elementor-post__excerpt\">\n\t\t\t<p>Through its supervision of SIRCI, C &amp; M Consultores helps ensure the efficiency, safety, and continuous improvement of the TransMilenio system, contributing to the development of a modern and intelligent urban mobility framework.<\/p>\n\t\t<\/div>\n\t\t\t\t\t<div class=\"elementor-post__read-more-wrapper\">\n\t\t\n\t\t<a class=\"elementor-post__read-more\" href=\"https:\/\/cmconsultores.com.co\/en\/sirci-transmilenio-movilidad-urbana-bogota\/\" aria-label=\"Read more about SIRCI: Un componente esencial en la movilidad urbana de Bogot\u00e1\" tabindex=\"-1\" target=\"_blank\">\n\t\t\tRead more \u00bb\t\t<\/a>\n\n\t\t\t\t\t<\/div>\n\t\t\t\t<\/div>\n\t\t\t\t<div class=\"elementor-post__meta-data\">\n\t\t\t\t\t<span class=\"elementor-post-date\">\n\t\t\t28 October, 2025\t\t<\/span>\n\t\t\t\t<\/div>\n\t\t\t\t\t<\/div>\n\t\t<\/article>\n\t\t\t\t<\/div>\n\t\t\n\t\t\t\t<div class=\"e-load-more-anchor\" data-page=\"1\" data-max-page=\"4\" data-next-page=\"https:\/\/cmconsultores.com.co\/en\/wp-json\/wp\/v2\/pages\/13\/page\/2\/\"><\/div>\n\t\t\t\t<nav class=\"elementor-pagination\" aria-label=\"Pagination\">\n\t\t\t<span aria-current=\"page\" class=\"page-numbers current\"><span class=\"elementor-screen-only\">Page<\/span>1<\/span>\n<a class=\"page-numbers\" href=\"https:\/\/cmconsultores.com.co\/en\/wp-json\/wp\/v2\/pages\/13\/page\/2\/\"><span class=\"elementor-screen-only\">Page<\/span>2<\/a>\n<a class=\"page-numbers\" href=\"https:\/\/cmconsultores.com.co\/en\/wp-json\/wp\/v2\/pages\/13\/page\/3\/\"><span class=\"elementor-screen-only\">Page<\/span>3<\/a>\n<a class=\"page-numbers\" href=\"https:\/\/cmconsultores.com.co\/en\/wp-json\/wp\/v2\/pages\/13\/page\/4\/\"><span class=\"elementor-screen-only\">Page<\/span>4<\/a>\t\t<\/nav>\n\t\t\t\t<\/div>\n\t\t\t\t<\/div>\n\t\t\t\t\t<\/div>\n\t\t<\/div>\n\t\t\t\t\t<\/div>\n\t\t<\/section>\n\t\t\t\t<\/div>","protected":false},"excerpt":{"rendered":"<p>C &amp; M Insights Prosperamos transformando organizaciones para que est\u00e9n preparadas para un futuro digital y cognitivo, brindando oportunidades de clase mundial para talentos en todo el mundo.<\/p>","protected":false},"author":2,"featured_media":0,"parent":0,"menu_order":0,"comment_status":"closed","ping_status":"closed","template":"","meta":{"_acf_changed":false,"footnotes":""},"class_list":["post-13","page","type-page","status-publish","hentry"],"acf":[],"yoast_head":"<!-- This site is optimized with the Yoast SEO plugin v23.9 - https:\/\/yoast.com\/wordpress\/plugins\/seo\/ -->\n<title>C &amp; M Consultores - Insights<\/title>\n<meta name=\"description\" content=\"Insights sobre consultor\u00eda, interventor\u00eda, BIM, estructuraci\u00f3n de proyectos e infraestructura en Colombia y Latinoam\u00e9rica.\" \/>\n<meta name=\"robots\" content=\"index, follow, max-snippet:-1, max-image-preview:large, max-video-preview:-1\" \/>\n<link rel=\"canonical\" href=\"https:\/\/cmconsultores.com.co\/en\/insights\/\" \/>\n<meta property=\"og:locale\" content=\"en_US\" \/>\n<meta property=\"og:type\" content=\"article\" \/>\n<meta property=\"og:title\" content=\"C &amp; M Consultores - Insights\" \/>\n<meta property=\"og:description\" content=\"Insights sobre consultor\u00eda, interventor\u00eda, BIM, estructuraci\u00f3n de proyectos e infraestructura en Colombia y Latinoam\u00e9rica.\" \/>\n<meta property=\"og:url\" content=\"https:\/\/cmconsultores.com.co\/en\/insights\/\" \/>\n<meta property=\"og:site_name\" content=\"C &amp; M Consultores\" \/>\n<meta property=\"article:modified_time\" content=\"2026-03-30T16:33:15+00:00\" \/>\n<meta name=\"twitter:card\" content=\"summary_large_image\" \/>\n<meta name=\"twitter:label1\" content=\"Est. reading time\" \/>\n\t<meta name=\"twitter:data1\" content=\"2 minutes\" \/>\n<script type=\"application\/ld+json\" class=\"yoast-schema-graph\">{\"@context\":\"https:\/\/schema.org\",\"@graph\":[{\"@type\":\"WebPage\",\"@id\":\"https:\/\/cmconsultores.com.co\/insights\/\",\"url\":\"https:\/\/cmconsultores.com.co\/insights\/\",\"name\":\"C &amp; M Consultores - Insights\",\"isPartOf\":{\"@id\":\"https:\/\/cmconsultores.com.co\/#website\"},\"datePublished\":\"2022-06-08T21:31:15+00:00\",\"dateModified\":\"2026-03-30T16:33:15+00:00\",\"description\":\"Insights sobre consultor\u00eda, interventor\u00eda, BIM, estructuraci\u00f3n de proyectos e infraestructura en Colombia y Latinoam\u00e9rica.\",\"breadcrumb\":{\"@id\":\"https:\/\/cmconsultores.com.co\/insights\/#breadcrumb\"},\"inLanguage\":\"en-US\",\"potentialAction\":[{\"@type\":\"ReadAction\",\"target\":[\"https:\/\/cmconsultores.com.co\/insights\/\"]}]},{\"@type\":\"BreadcrumbList\",\"@id\":\"https:\/\/cmconsultores.com.co\/insights\/#breadcrumb\",\"itemListElement\":[{\"@type\":\"ListItem\",\"position\":1,\"name\":\"Home\",\"item\":\"https:\/\/cmconsultores.com.co\/\"},{\"@type\":\"ListItem\",\"position\":2,\"name\":\"Insights\"}]},{\"@type\":\"WebSite\",\"@id\":\"https:\/\/cmconsultores.com.co\/#website\",\"url\":\"https:\/\/cmconsultores.com.co\/\",\"name\":\"C &amp; M Consultores\",\"description\":\"Asesor\u00eda y Consultor\u00eda Gerencial\",\"publisher\":{\"@id\":\"https:\/\/cmconsultores.com.co\/#organization\"},\"potentialAction\":[{\"@type\":\"SearchAction\",\"target\":{\"@type\":\"EntryPoint\",\"urlTemplate\":\"https:\/\/cmconsultores.com.co\/?s={search_term_string}\"},\"query-input\":{\"@type\":\"PropertyValueSpecification\",\"valueRequired\":true,\"valueName\":\"search_term_string\"}}],\"inLanguage\":\"en-US\"},{\"@type\":\"Organization\",\"@id\":\"https:\/\/cmconsultores.com.co\/#organization\",\"name\":\"C &amp; M Consultores\",\"url\":\"https:\/\/cmconsultores.com.co\/\",\"logo\":{\"@type\":\"ImageObject\",\"inLanguage\":\"en-US\",\"@id\":\"https:\/\/cmconsultores.com.co\/#\/schema\/logo\/image\/\",\"url\":\"https:\/\/cmconsultores.com.co\/wp-content\/uploads\/C-M-Marca-Registrada-Blanco.png\",\"contentUrl\":\"https:\/\/cmconsultores.com.co\/wp-content\/uploads\/C-M-Marca-Registrada-Blanco.png\",\"width\":300,\"height\":180,\"caption\":\"C &amp; M Consultores\"},\"image\":{\"@id\":\"https:\/\/cmconsultores.com.co\/#\/schema\/logo\/image\/\"}}]}<\/script>\n<!-- \/ Yoast SEO plugin. -->","yoast_head_json":{"title":"C &amp; M Consultores - Insights","description":"Insights sobre consultor\u00eda, interventor\u00eda, BIM, estructuraci\u00f3n de proyectos e infraestructura en Colombia y Latinoam\u00e9rica.","robots":{"index":"index","follow":"follow","max-snippet":"max-snippet:-1","max-image-preview":"max-image-preview:large","max-video-preview":"max-video-preview:-1"},"canonical":"https:\/\/cmconsultores.com.co\/en\/insights\/","og_locale":"en_US","og_type":"article","og_title":"C &amp; M Consultores - Insights","og_description":"Insights sobre consultor\u00eda, interventor\u00eda, BIM, estructuraci\u00f3n de proyectos e infraestructura en Colombia y Latinoam\u00e9rica.","og_url":"https:\/\/cmconsultores.com.co\/en\/insights\/","og_site_name":"C &amp; M Consultores","article_modified_time":"2026-03-30T16:33:15+00:00","twitter_card":"summary_large_image","twitter_misc":{"Est. reading time":"2 minutes"},"schema":{"@context":"https:\/\/schema.org","@graph":[{"@type":"WebPage","@id":"https:\/\/cmconsultores.com.co\/insights\/","url":"https:\/\/cmconsultores.com.co\/insights\/","name":"C &amp; M Consultores - Insights","isPartOf":{"@id":"https:\/\/cmconsultores.com.co\/#website"},"datePublished":"2022-06-08T21:31:15+00:00","dateModified":"2026-03-30T16:33:15+00:00","description":"Insights sobre consultor\u00eda, interventor\u00eda, BIM, estructuraci\u00f3n de proyectos e infraestructura en Colombia y Latinoam\u00e9rica.","breadcrumb":{"@id":"https:\/\/cmconsultores.com.co\/insights\/#breadcrumb"},"inLanguage":"en-US","potentialAction":[{"@type":"ReadAction","target":["https:\/\/cmconsultores.com.co\/insights\/"]}]},{"@type":"BreadcrumbList","@id":"https:\/\/cmconsultores.com.co\/insights\/#breadcrumb","itemListElement":[{"@type":"ListItem","position":1,"name":"Home","item":"https:\/\/cmconsultores.com.co\/"},{"@type":"ListItem","position":2,"name":"Insights"}]},{"@type":"WebSite","@id":"https:\/\/cmconsultores.com.co\/#website","url":"https:\/\/cmconsultores.com.co\/","name":"C &amp; M Consultores","description":"Asesor\u00eda y Consultor\u00eda Gerencial","publisher":{"@id":"https:\/\/cmconsultores.com.co\/#organization"},"potentialAction":[{"@type":"SearchAction","target":{"@type":"EntryPoint","urlTemplate":"https:\/\/cmconsultores.com.co\/?s={search_term_string}"},"query-input":{"@type":"PropertyValueSpecification","valueRequired":true,"valueName":"search_term_string"}}],"inLanguage":"en-US"},{"@type":"Organization","@id":"https:\/\/cmconsultores.com.co\/#organization","name":"C &amp; M Consultores","url":"https:\/\/cmconsultores.com.co\/","logo":{"@type":"ImageObject","inLanguage":"en-US","@id":"https:\/\/cmconsultores.com.co\/#\/schema\/logo\/image\/","url":"https:\/\/cmconsultores.com.co\/wp-content\/uploads\/C-M-Marca-Registrada-Blanco.png","contentUrl":"https:\/\/cmconsultores.com.co\/wp-content\/uploads\/C-M-Marca-Registrada-Blanco.png","width":300,"height":180,"caption":"C &amp; M Consultores"},"image":{"@id":"https:\/\/cmconsultores.com.co\/#\/schema\/logo\/image\/"}}]}},"_links":{"self":[{"href":"https:\/\/cmconsultores.com.co\/en\/wp-json\/wp\/v2\/pages\/13","targetHints":{"allow":["GET"]}}],"collection":[{"href":"https:\/\/cmconsultores.com.co\/en\/wp-json\/wp\/v2\/pages"}],"about":[{"href":"https:\/\/cmconsultores.com.co\/en\/wp-json\/wp\/v2\/types\/page"}],"author":[{"embeddable":true,"href":"https:\/\/cmconsultores.com.co\/en\/wp-json\/wp\/v2\/users\/2"}],"replies":[{"embeddable":true,"href":"https:\/\/cmconsultores.com.co\/en\/wp-json\/wp\/v2\/comments?post=13"}],"version-history":[{"count":0,"href":"https:\/\/cmconsultores.com.co\/en\/wp-json\/wp\/v2\/pages\/13\/revisions"}],"wp:attachment":[{"href":"https:\/\/cmconsultores.com.co\/en\/wp-json\/wp\/v2\/media?parent=13"}],"curies":[{"name":"wp","href":"https:\/\/api.w.org\/{rel}","templated":true}]}}