{"id":10,"date":"2022-06-08T16:30:50","date_gmt":"2022-06-08T21:30:50","guid":{"rendered":"https:\/\/desarrollos.mouseinteractivo.com\/cmconsultores\/?page_id=10"},"modified":"2026-01-07T16:28:27","modified_gmt":"2026-01-07T21:28:27","slug":"contactanos","status":"publish","type":"page","link":"https:\/\/cmconsultores.com.co\/en\/contactanos\/","title":{"rendered":"Contact us"},"content":{"rendered":"<div data-elementor-type=\"wp-page\" data-elementor-id=\"10\" class=\"elementor elementor-10\" data-elementor-post-type=\"page\">\n\t\t\t\t\t\t<section data-particle_enable=\"false\" data-particle-mobile-disabled=\"false\" class=\"elementor-section elementor-top-section elementor-element elementor-element-aa6657f elementor-section-height-min-height elementor-section-boxed elementor-section-height-default elementor-section-items-middle\" data-id=\"aa6657f\" data-element_type=\"section\" data-settings=\"{&quot;background_background&quot;:&quot;classic&quot;}\">\n\t\t\t\t\t\t\t<div class=\"elementor-background-overlay\"><\/div>\n\t\t\t\t\t\t\t<div class=\"elementor-container elementor-column-gap-default\">\n\t\t\t\t\t<div class=\"elementor-column elementor-col-50 elementor-top-column elementor-element elementor-element-3fc5c27\" data-id=\"3fc5c27\" data-element_type=\"column\">\n\t\t\t<div class=\"elementor-widget-wrap elementor-element-populated\">\n\t\t\t\t\t\t<div class=\"elementor-element elementor-element-ef9a8f3 elementor-widget elementor-widget-heading\" data-id=\"ef9a8f3\" data-element_type=\"widget\" data-widget_type=\"heading.default\">\n\t\t\t\t<div class=\"elementor-widget-container\">\n\t\t\t<h1 class=\"elementor-heading-title elementor-size-default\">Contact us<\/h1>\t\t<\/div>\n\t\t\t\t<\/div>\n\t\t\t\t<div class=\"elementor-element elementor-element-966f033 elementor-vertical-align-middle animated-slow elementor-invisible elementor-widget elementor-widget-icon-box\" data-id=\"966f033\" data-element_type=\"widget\" data-settings=\"{&quot;_animation&quot;:&quot;fadeInUp&quot;}\" data-widget_type=\"icon-box.default\">\n\t\t\t\t<div class=\"elementor-widget-container\">\n\t\t\t\t\t<div class=\"elementor-icon-box-wrapper\">\n\n\t\t\t\n\t\t\t\t\t\t<div class=\"elementor-icon-box-content\">\n\n\t\t\t\t\t\t\t\t\t<h5 class=\"elementor-icon-box-title\">\n\t\t\t\t\t\t<a href=\"tel:+576019195290\" target=\"_blank\" >\n\t\t\t\t\t\t\t+57 601 919 5290\t\t\t\t\t\t<\/a>\n\t\t\t\t\t<\/h5>\n\t\t\t\t\n\t\t\t\t\n\t\t\t<\/div>\n\t\t\t\n\t\t<\/div>\n\t\t\t\t<\/div>\n\t\t\t\t<\/div>\n\t\t\t\t<div class=\"elementor-element elementor-element-fbe3a6e elementor-vertical-align-middle animated-slow elementor-invisible elementor-widget elementor-widget-icon-box\" data-id=\"fbe3a6e\" data-element_type=\"widget\" data-settings=\"{&quot;_animation&quot;:&quot;fadeInUp&quot;}\" data-widget_type=\"icon-box.default\">\n\t\t\t\t<div class=\"elementor-widget-container\">\n\t\t\t\t\t<div class=\"elementor-icon-box-wrapper\">\n\n\t\t\t\n\t\t\t\t\t\t<div class=\"elementor-icon-box-content\">\n\n\t\t\t\t\t\t\t\t\t<h5 class=\"elementor-icon-box-title\">\n\t\t\t\t\t\t<a href=\"mailto:comercial@cmconsultores.com.co\" target=\"_blank\" >\n\t\t\t\t\t\t\tcomercial@cmconsultores.com.co\t\t\t\t\t\t<\/a>\n\t\t\t\t\t<\/h5>\n\t\t\t\t\n\t\t\t\t\n\t\t\t<\/div>\n\t\t\t\n\t\t<\/div>\n\t\t\t\t<\/div>\n\t\t\t\t<\/div>\n\t\t\t\t<div class=\"elementor-element elementor-element-28a2ee5 e-grid-align-mobile-left animated-slow elementor-shape-rounded elementor-grid-0 elementor-invisible elementor-widget elementor-widget-social-icons\" data-id=\"28a2ee5\" data-element_type=\"widget\" data-settings=\"{&quot;_animation&quot;:&quot;fadeInUp&quot;}\" data-widget_type=\"social-icons.default\">\n\t\t\t\t<div class=\"elementor-widget-container\">\n\t\t\t\t\t<div class=\"elementor-social-icons-wrapper elementor-grid\">\n\t\t\t\t\t\t\t<span class=\"elementor-grid-item\">\n\t\t\t\t\t<a class=\"elementor-icon elementor-social-icon elementor-social-icon-linkedin elementor-repeater-item-6eff9a1\" href=\"https:\/\/www.linkedin.com\/company\/c-&#038;-m-consultores-s-a\/mycompany\/\" target=\"_blank\">\n\t\t\t\t\t\t<span class=\"elementor-screen-only\">Linkedin<\/span>\n\t\t\t\t\t\t<i class=\"fab fa-linkedin\"><\/i>\t\t\t\t\t<\/a>\n\t\t\t\t<\/span>\n\t\t\t\t\t\t\t<span class=\"elementor-grid-item\">\n\t\t\t\t\t<a class=\"elementor-icon elementor-social-icon elementor-social-icon-youtube elementor-repeater-item-5c91a33\" href=\"https:\/\/www.youtube.com\/channel\/UCHrkiwwB1prNM_1Lr0nZGeg\" target=\"_blank\">\n\t\t\t\t\t\t<span class=\"elementor-screen-only\">Youtube<\/span>\n\t\t\t\t\t\t<i class=\"fab fa-youtube\"><\/i>\t\t\t\t\t<\/a>\n\t\t\t\t<\/span>\n\t\t\t\t\t\t\t<span class=\"elementor-grid-item\">\n\t\t\t\t\t<a class=\"elementor-icon elementor-social-icon elementor-social-icon-instagram elementor-repeater-item-c07b426\" href=\"https:\/\/www.instagram.com\/cmcomunicacionescm\/?hl=es\" target=\"_blank\">\n\t\t\t\t\t\t<span class=\"elementor-screen-only\">Instagram<\/span>\n\t\t\t\t\t\t<i class=\"fab fa-instagram\"><\/i>\t\t\t\t\t<\/a>\n\t\t\t\t<\/span>\n\t\t\t\t\t<\/div>\n\t\t\t\t<\/div>\n\t\t\t\t<\/div>\n\t\t\t\t\t<\/div>\n\t\t<\/div>\n\t\t\t\t<div class=\"elementor-column elementor-col-50 elementor-top-column elementor-element elementor-element-3a26595 elementor-hidden-mobile\" data-id=\"3a26595\" data-element_type=\"column\" data-settings=\"{&quot;background_background&quot;:&quot;classic&quot;}\">\n\t\t\t<div class=\"elementor-widget-wrap\">\n\t\t\t\t\t\t\t<\/div>\n\t\t<\/div>\n\t\t\t\t\t<\/div>\n\t\t<\/section>\n\t\t\t\t<section data-particle_enable=\"false\" data-particle-mobile-disabled=\"false\" class=\"elementor-section elementor-top-section elementor-element elementor-element-b3c8e9f elementor-section-boxed elementor-section-height-default elementor-section-height-default\" data-id=\"b3c8e9f\" data-element_type=\"section\">\n\t\t\t\t\t\t<div class=\"elementor-container elementor-column-gap-wide\">\n\t\t\t\t\t<div class=\"elementor-column elementor-col-50 elementor-top-column elementor-element elementor-element-451628b\" data-id=\"451628b\" data-element_type=\"column\">\n\t\t\t<div class=\"elementor-widget-wrap elementor-element-populated\">\n\t\t\t\t\t\t<div class=\"elementor-element elementor-element-ea0e732 elementor-vertical-align-middle elementor-widget elementor-widget-icon-box\" data-id=\"ea0e732\" data-element_type=\"widget\" data-widget_type=\"icon-box.default\">\n\t\t\t\t<div class=\"elementor-widget-container\">\n\t\t\t\t\t<div class=\"elementor-icon-box-wrapper\">\n\n\t\t\t\n\t\t\t\t\t\t<div class=\"elementor-icon-box-content\">\n\n\t\t\t\t\t\t\t\t\t<h5 class=\"elementor-icon-box-title\">\n\t\t\t\t\t\t<span  >\n\t\t\t\t\t\t\tCOLOMBIA\t\t\t\t\t\t<\/span>\n\t\t\t\t\t<\/h5>\n\t\t\t\t\n\t\t\t\t\n\t\t\t<\/div>\n\t\t\t\n\t\t<\/div>\n\t\t\t\t<\/div>\n\t\t\t\t<\/div>\n\t\t\t\t<div class=\"elementor-element elementor-element-d539828 elementor-widget elementor-widget-google_maps\" data-id=\"d539828\" data-element_type=\"widget\" data-widget_type=\"google_maps.default\">\n\t\t\t\t<div class=\"elementor-widget-container\">\n\t\t\t\t\t<div class=\"elementor-custom-embed\">\n\t\t\t<iframe loading=\"lazy\"\n\t\t\t\t\tsrc=\"https:\/\/maps.google.com\/maps?q=C%20%26%20M%20Consultores%20S.A.S.%2C%20Cra.%2013%20%2396-67%20Of.%20309%2C%20Bogot%C3%A1%2C%20Cundinamarca&#038;t=m&#038;z=16&#038;output=embed&#038;iwloc=near\"\n\t\t\t\t\ttitle=\"C &amp; M Consultores S.A.S., Cra. 13 #96-67 Of. 309, Bogot\u00e1, Cundinamarca\"\n\t\t\t\t\taria-label=\"C &amp; M Consultores S.A.S., Cra. 13 #96-67 Of. 309, Bogot\u00e1, Cundinamarca\"\n\t\t\t><\/iframe>\n\t\t<\/div>\n\t\t\t\t<\/div>\n\t\t\t\t<\/div>\n\t\t\t\t<div class=\"elementor-element elementor-element-a291ca1 elementor-vertical-align-top elementor-widget elementor-widget-icon-box\" data-id=\"a291ca1\" data-element_type=\"widget\" data-widget_type=\"icon-box.default\">\n\t\t\t\t<div class=\"elementor-widget-container\">\n\t\t\t\t\t<div class=\"elementor-icon-box-wrapper\">\n\n\t\t\t\n\t\t\t\t\t\t<div class=\"elementor-icon-box-content\">\n\n\t\t\t\t\t\t\t\t\t<h5 class=\"elementor-icon-box-title\">\n\t\t\t\t\t\t<span  >\n\t\t\t\t\t\t\tBogota\t\t\t\t\t\t<\/span>\n\t\t\t\t\t<\/h5>\n\t\t\t\t\n\t\t\t\t\t\t\t\t\t<p class=\"elementor-icon-box-description\">\n\t\t\t\t\t\t+57 601 919 5290\n<br>\nCarrera 13 No. 96-67 Office. 309\t\t\t\t\t<\/p>\n\t\t\t\t\n\t\t\t<\/div>\n\t\t\t\n\t\t<\/div>\n\t\t\t\t<\/div>\n\t\t\t\t<\/div>\n\t\t\t\t\t<\/div>\n\t\t<\/div>\n\t\t\t\t<div class=\"elementor-column elementor-col-50 elementor-top-column elementor-element elementor-element-2d18afb\" data-id=\"2d18afb\" data-element_type=\"column\">\n\t\t\t<div class=\"elementor-widget-wrap elementor-element-populated\">\n\t\t\t\t\t\t<div class=\"elementor-element elementor-element-85a08e4 elementor-vertical-align-middle elementor-widget elementor-widget-icon-box\" data-id=\"85a08e4\" data-element_type=\"widget\" data-widget_type=\"icon-box.default\">\n\t\t\t\t<div class=\"elementor-widget-container\">\n\t\t\t\t\t<div class=\"elementor-icon-box-wrapper\">\n\n\t\t\t\n\t\t\t\t\t\t<div class=\"elementor-icon-box-content\">\n\n\t\t\t\t\t\t\t\t\t<h5 class=\"elementor-icon-box-title\">\n\t\t\t\t\t\t<span  >\n\t\t\t\t\t\t\tPERU\t\t\t\t\t\t<\/span>\n\t\t\t\t\t<\/h5>\n\t\t\t\t\n\t\t\t\t\n\t\t\t<\/div>\n\t\t\t\n\t\t<\/div>\n\t\t\t\t<\/div>\n\t\t\t\t<\/div>\n\t\t\t\t<div class=\"elementor-element elementor-element-85b2ccc elementor-widget elementor-widget-google_maps\" data-id=\"85b2ccc\" data-element_type=\"widget\" data-widget_type=\"google_maps.default\">\n\t\t\t\t<div class=\"elementor-widget-container\">\n\t\t\t\t\t<div class=\"elementor-custom-embed\">\n\t\t\t<iframe loading=\"lazy\"\n\t\t\t\t\tsrc=\"https:\/\/maps.google.com\/maps?q=Avenida%20Alfredo%20Benavides%201944%20Int.%20901%20Distrito%20Miraflores%20Lima%2C%20Per%C3%BA&#038;t=m&#038;z=16&#038;output=embed&#038;iwloc=near\"\n\t\t\t\t\ttitle=\"Avenida Alfredo Benavides 1944 Int. 901 Distrito Miraflores Lima, Per\u00fa\"\n\t\t\t\t\taria-label=\"Avenida Alfredo Benavides 1944 Int. 901 Distrito Miraflores Lima, Per\u00fa\"\n\t\t\t><\/iframe>\n\t\t<\/div>\n\t\t\t\t<\/div>\n\t\t\t\t<\/div>\n\t\t\t\t<div class=\"elementor-element elementor-element-fb74d48 elementor-vertical-align-middle elementor-widget elementor-widget-icon-box\" data-id=\"fb74d48\" data-element_type=\"widget\" data-widget_type=\"icon-box.default\">\n\t\t\t\t<div class=\"elementor-widget-container\">\n\t\t\t\t\t<div class=\"elementor-icon-box-wrapper\">\n\n\t\t\t\n\t\t\t\t\t\t<div class=\"elementor-icon-box-content\">\n\n\t\t\t\t\t\t\t\t\t<h5 class=\"elementor-icon-box-title\">\n\t\t\t\t\t\t<span  >\n\t\t\t\t\t\t\tLima\t\t\t\t\t\t<\/span>\n\t\t\t\t\t<\/h5>\n\t\t\t\t\n\t\t\t\t\t\t\t\t\t<p class=\"elementor-icon-box-description\">\n\t\t\t\t\t\t+51 945 498 495\n<br>\n1944 Alfredo Benavides Ave., Suite 901\n<br>\nMiraflores District\t\t\t\t\t<\/p>\n\t\t\t\t\n\t\t\t<\/div>\n\t\t\t\n\t\t<\/div>\n\t\t\t\t<\/div>\n\t\t\t\t<\/div>\n\t\t\t\t\t<\/div>\n\t\t<\/div>\n\t\t\t\t\t<\/div>\n\t\t<\/section>\n\t\t\t\t<\/div>","protected":false},"excerpt":{"rendered":"<p>Cont\u00e1ctanos +57 601 919 5290 comercial@cmconsultores.com.co Linkedin Youtube Instagram COLOMBIA Bogot\u00e1 +57 601 919 5290 Carrera 13 No. 96-67 Of. 309 PER\u00da Lima +51 945 498 495 Avenida Alfredo Benavides 1944 Int. 901 Distrito Miraflores<\/p>","protected":false},"author":2,"featured_media":0,"parent":0,"menu_order":0,"comment_status":"closed","ping_status":"closed","template":"elementor_header_footer","meta":{"_acf_changed":false,"footnotes":""},"class_list":["post-10","page","type-page","status-publish","hentry"],"acf":[],"yoast_head":"<!-- This site is optimized with the Yoast SEO plugin v23.9 - https:\/\/yoast.com\/wordpress\/plugins\/seo\/ -->\n<title>C &amp; M Consultores - Cont\u00e1ctanos<\/title>\n<meta name=\"description\" content=\"Cont\u00e1ctanos y recibe asesor\u00eda experta en consultor\u00eda, interventor\u00eda, dise\u00f1o BIM y estructuraci\u00f3n de proyectos en Colombia y LATAM.\" \/>\n<meta name=\"robots\" content=\"index, follow, max-snippet:-1, max-image-preview:large, max-video-preview:-1\" \/>\n<link rel=\"canonical\" href=\"https:\/\/cmconsultores.com.co\/en\/contactanos\/\" \/>\n<meta property=\"og:locale\" content=\"en_US\" \/>\n<meta property=\"og:type\" content=\"article\" \/>\n<meta property=\"og:title\" content=\"C &amp; M Consultores - Cont\u00e1ctanos\" \/>\n<meta property=\"og:description\" content=\"Cont\u00e1ctanos y recibe asesor\u00eda experta en consultor\u00eda, interventor\u00eda, dise\u00f1o BIM y estructuraci\u00f3n de proyectos en Colombia y LATAM.\" \/>\n<meta property=\"og:url\" content=\"https:\/\/cmconsultores.com.co\/en\/contactanos\/\" \/>\n<meta property=\"og:site_name\" content=\"C &amp; M Consultores\" \/>\n<meta property=\"article:modified_time\" content=\"2026-01-07T21:28:27+00:00\" \/>\n<meta name=\"twitter:card\" content=\"summary_large_image\" \/>\n<meta name=\"twitter:label1\" content=\"Est. reading time\" \/>\n\t<meta name=\"twitter:data1\" content=\"1 minute\" \/>\n<script type=\"application\/ld+json\" class=\"yoast-schema-graph\">{\"@context\":\"https:\/\/schema.org\",\"@graph\":[{\"@type\":\"WebPage\",\"@id\":\"https:\/\/cmconsultores.com.co\/contactanos\/\",\"url\":\"https:\/\/cmconsultores.com.co\/contactanos\/\",\"name\":\"C &amp; M Consultores - Cont\u00e1ctanos\",\"isPartOf\":{\"@id\":\"https:\/\/cmconsultores.com.co\/#website\"},\"datePublished\":\"2022-06-08T21:30:50+00:00\",\"dateModified\":\"2026-01-07T21:28:27+00:00\",\"description\":\"Cont\u00e1ctanos y recibe asesor\u00eda experta en consultor\u00eda, interventor\u00eda, dise\u00f1o BIM y estructuraci\u00f3n de proyectos en Colombia y LATAM.\",\"breadcrumb\":{\"@id\":\"https:\/\/cmconsultores.com.co\/contactanos\/#breadcrumb\"},\"inLanguage\":\"en-US\",\"potentialAction\":[{\"@type\":\"ReadAction\",\"target\":[\"https:\/\/cmconsultores.com.co\/contactanos\/\"]}]},{\"@type\":\"BreadcrumbList\",\"@id\":\"https:\/\/cmconsultores.com.co\/contactanos\/#breadcrumb\",\"itemListElement\":[{\"@type\":\"ListItem\",\"position\":1,\"name\":\"Home\",\"item\":\"https:\/\/cmconsultores.com.co\/\"},{\"@type\":\"ListItem\",\"position\":2,\"name\":\"Cont\u00e1ctanos\"}]},{\"@type\":\"WebSite\",\"@id\":\"https:\/\/cmconsultores.com.co\/#website\",\"url\":\"https:\/\/cmconsultores.com.co\/\",\"name\":\"C &amp; M Consultores\",\"description\":\"Asesor\u00eda y Consultor\u00eda Gerencial\",\"publisher\":{\"@id\":\"https:\/\/cmconsultores.com.co\/#organization\"},\"potentialAction\":[{\"@type\":\"SearchAction\",\"target\":{\"@type\":\"EntryPoint\",\"urlTemplate\":\"https:\/\/cmconsultores.com.co\/?s={search_term_string}\"},\"query-input\":{\"@type\":\"PropertyValueSpecification\",\"valueRequired\":true,\"valueName\":\"search_term_string\"}}],\"inLanguage\":\"en-US\"},{\"@type\":\"Organization\",\"@id\":\"https:\/\/cmconsultores.com.co\/#organization\",\"name\":\"C &amp; M Consultores\",\"url\":\"https:\/\/cmconsultores.com.co\/\",\"logo\":{\"@type\":\"ImageObject\",\"inLanguage\":\"en-US\",\"@id\":\"https:\/\/cmconsultores.com.co\/#\/schema\/logo\/image\/\",\"url\":\"https:\/\/cmconsultores.com.co\/wp-content\/uploads\/C-M-Marca-Registrada-Blanco.png\",\"contentUrl\":\"https:\/\/cmconsultores.com.co\/wp-content\/uploads\/C-M-Marca-Registrada-Blanco.png\",\"width\":300,\"height\":180,\"caption\":\"C &amp; M Consultores\"},\"image\":{\"@id\":\"https:\/\/cmconsultores.com.co\/#\/schema\/logo\/image\/\"}}]}<\/script>\n<!-- \/ Yoast SEO plugin. -->","yoast_head_json":{"title":"C &amp; M Consultores - Cont\u00e1ctanos","description":"Cont\u00e1ctanos y recibe asesor\u00eda experta en consultor\u00eda, interventor\u00eda, dise\u00f1o BIM y estructuraci\u00f3n de proyectos en Colombia y LATAM.","robots":{"index":"index","follow":"follow","max-snippet":"max-snippet:-1","max-image-preview":"max-image-preview:large","max-video-preview":"max-video-preview:-1"},"canonical":"https:\/\/cmconsultores.com.co\/en\/contactanos\/","og_locale":"en_US","og_type":"article","og_title":"C &amp; M Consultores - Cont\u00e1ctanos","og_description":"Cont\u00e1ctanos y recibe asesor\u00eda experta en consultor\u00eda, interventor\u00eda, dise\u00f1o BIM y estructuraci\u00f3n de proyectos en Colombia y LATAM.","og_url":"https:\/\/cmconsultores.com.co\/en\/contactanos\/","og_site_name":"C &amp; M Consultores","article_modified_time":"2026-01-07T21:28:27+00:00","twitter_card":"summary_large_image","twitter_misc":{"Est. reading time":"1 minute"},"schema":{"@context":"https:\/\/schema.org","@graph":[{"@type":"WebPage","@id":"https:\/\/cmconsultores.com.co\/contactanos\/","url":"https:\/\/cmconsultores.com.co\/contactanos\/","name":"C &amp; M Consultores - Cont\u00e1ctanos","isPartOf":{"@id":"https:\/\/cmconsultores.com.co\/#website"},"datePublished":"2022-06-08T21:30:50+00:00","dateModified":"2026-01-07T21:28:27+00:00","description":"Cont\u00e1ctanos y recibe asesor\u00eda experta en consultor\u00eda, interventor\u00eda, dise\u00f1o BIM y estructuraci\u00f3n de proyectos en Colombia y LATAM.","breadcrumb":{"@id":"https:\/\/cmconsultores.com.co\/contactanos\/#breadcrumb"},"inLanguage":"en-US","potentialAction":[{"@type":"ReadAction","target":["https:\/\/cmconsultores.com.co\/contactanos\/"]}]},{"@type":"BreadcrumbList","@id":"https:\/\/cmconsultores.com.co\/contactanos\/#breadcrumb","itemListElement":[{"@type":"ListItem","position":1,"name":"Home","item":"https:\/\/cmconsultores.com.co\/"},{"@type":"ListItem","position":2,"name":"Cont\u00e1ctanos"}]},{"@type":"WebSite","@id":"https:\/\/cmconsultores.com.co\/#website","url":"https:\/\/cmconsultores.com.co\/","name":"C &amp; M Consultores","description":"Asesor\u00eda y Consultor\u00eda Gerencial","publisher":{"@id":"https:\/\/cmconsultores.com.co\/#organization"},"potentialAction":[{"@type":"SearchAction","target":{"@type":"EntryPoint","urlTemplate":"https:\/\/cmconsultores.com.co\/?s={search_term_string}"},"query-input":{"@type":"PropertyValueSpecification","valueRequired":true,"valueName":"search_term_string"}}],"inLanguage":"en-US"},{"@type":"Organization","@id":"https:\/\/cmconsultores.com.co\/#organization","name":"C &amp; M Consultores","url":"https:\/\/cmconsultores.com.co\/","logo":{"@type":"ImageObject","inLanguage":"en-US","@id":"https:\/\/cmconsultores.com.co\/#\/schema\/logo\/image\/","url":"https:\/\/cmconsultores.com.co\/wp-content\/uploads\/C-M-Marca-Registrada-Blanco.png","contentUrl":"https:\/\/cmconsultores.com.co\/wp-content\/uploads\/C-M-Marca-Registrada-Blanco.png","width":300,"height":180,"caption":"C &amp; M Consultores"},"image":{"@id":"https:\/\/cmconsultores.com.co\/#\/schema\/logo\/image\/"}}]}},"_links":{"self":[{"href":"https:\/\/cmconsultores.com.co\/en\/wp-json\/wp\/v2\/pages\/10","targetHints":{"allow":["GET"]}}],"collection":[{"href":"https:\/\/cmconsultores.com.co\/en\/wp-json\/wp\/v2\/pages"}],"about":[{"href":"https:\/\/cmconsultores.com.co\/en\/wp-json\/wp\/v2\/types\/page"}],"author":[{"embeddable":true,"href":"https:\/\/cmconsultores.com.co\/en\/wp-json\/wp\/v2\/users\/2"}],"replies":[{"embeddable":true,"href":"https:\/\/cmconsultores.com.co\/en\/wp-json\/wp\/v2\/comments?post=10"}],"version-history":[{"count":0,"href":"https:\/\/cmconsultores.com.co\/en\/wp-json\/wp\/v2\/pages\/10\/revisions"}],"wp:attachment":[{"href":"https:\/\/cmconsultores.com.co\/en\/wp-json\/wp\/v2\/media?parent=10"}],"curies":[{"name":"wp","href":"https:\/\/api.w.org\/{rel}","templated":true}]}}